{"id":2455,"date":"2024-08-30T13:28:12","date_gmt":"2024-08-30T13:28:12","guid":{"rendered":"https:\/\/marstransport.az\/?page_id=2455"},"modified":"2024-12-23T13:39:36","modified_gmt":"2024-12-23T13:39:36","slug":"karyera","status":"publish","type":"page","link":"https:\/\/marstransport.az\/en\/karyera\/","title":{"rendered":"Career"},"content":{"rendered":"<div data-elementor-type=\"wp-page\" data-elementor-id=\"2455\" class=\"elementor elementor-2455\" data-elementor-post-type=\"page\">\n\t\t\t\t\t\t<section class=\"elementor-section elementor-top-section elementor-element elementor-element-4505e72 elementor-section-boxed elementor-section-height-default elementor-section-height-default\" data-id=\"4505e72\" data-element_type=\"section\" data-e-type=\"section\">\n\t\t\t\t\t\t<div class=\"elementor-container elementor-column-gap-default\">\n\t\t\t\t\t<div class=\"aux-parallax-section elementor-column elementor-col-100 elementor-top-column elementor-element elementor-element-b897166\" data-id=\"b897166\" data-element_type=\"column\" data-e-type=\"column\">\n\t\t\t<div class=\"elementor-widget-wrap\">\n\t\t\t\t\t\t\t<\/div>\n\t\t<\/div>\n\t\t\t\t\t<\/div>\n\t\t<\/section>\n\t\t\t\t<section class=\"elementor-section elementor-top-section elementor-element elementor-element-404151f elementor-section-boxed elementor-section-height-default elementor-section-height-default\" data-id=\"404151f\" data-element_type=\"section\" data-e-type=\"section\">\n\t\t\t\t\t\t<div class=\"elementor-container elementor-column-gap-default\">\n\t\t\t\t\t<div class=\"aux-parallax-section elementor-column elementor-col-33 elementor-top-column elementor-element elementor-element-1b0b13d\" data-id=\"1b0b13d\" data-element_type=\"column\" data-e-type=\"column\">\n\t\t\t<div class=\"elementor-widget-wrap\">\n\t\t\t\t\t\t\t<\/div>\n\t\t<\/div>\n\t\t\t\t<div class=\"aux-parallax-section elementor-column elementor-col-33 elementor-top-column elementor-element elementor-element-2a11507\" data-id=\"2a11507\" data-element_type=\"column\" data-e-type=\"column\">\n\t\t\t<div class=\"elementor-widget-wrap elementor-element-populated\">\n\t\t\t\t\t\t<div class=\"elementor-element elementor-element-d0f09d3 elementor-widget elementor-widget-text-editor\" data-id=\"d0f09d3\" data-element_type=\"widget\" data-e-type=\"widget\" data-widget_type=\"text-editor.default\">\n\t\t\t\t<div class=\"elementor-widget-container\">\n\t\t\t\t\t\t\t\t\t<p>At MarsTransport, we place great importance on our core values \u200b\u200band team spirit. We do our best to develop the potential of each of our employees to the maximum and provide career advancement in the modern work environment.<\/p>\n<p class=\"translation-block\">If you want to be a part of our dynamic and developing team and take your career to new heights, you can send your CV and the position you are applying for to our e-mail address <strong>info@marstransport.az<\/strong>.<\/p>\n<p>Join us in our search for professionals of the future and build a successful career at MarsTransport!<\/p>\t\t\t\t\t\t\t\t<\/div>\n\t\t\t\t<\/div>\n\t\t\t\t\t<\/div>\n\t\t<\/div>\n\t\t\t\t<div class=\"aux-parallax-section elementor-column elementor-col-33 elementor-top-column elementor-element elementor-element-49829c9\" data-id=\"49829c9\" data-element_type=\"column\" data-e-type=\"column\">\n\t\t\t<div class=\"elementor-widget-wrap\">\n\t\t\t\t\t\t\t<\/div>\n\t\t<\/div>\n\t\t\t\t\t<\/div>\n\t\t<\/section>\n\t\t\t\t<section class=\"elementor-section elementor-top-section elementor-element elementor-element-55c422c elementor-section-boxed elementor-section-height-default elementor-section-height-default\" data-id=\"55c422c\" data-element_type=\"section\" data-e-type=\"section\">\n\t\t\t\t\t\t<div class=\"elementor-container elementor-column-gap-default\">\n\t\t\t\t\t<div class=\"aux-parallax-section elementor-column elementor-col-50 elementor-top-column elementor-element elementor-element-bdb6179\" data-id=\"bdb6179\" data-element_type=\"column\" data-e-type=\"column\">\n\t\t\t<div class=\"elementor-widget-wrap\">\n\t\t\t\t\t\t\t<\/div>\n\t\t<\/div>\n\t\t\t\t<div class=\"aux-parallax-section elementor-column elementor-col-50 elementor-top-column elementor-element elementor-element-3cbb749\" data-id=\"3cbb749\" data-element_type=\"column\" data-e-type=\"column\">\n\t\t\t<div class=\"elementor-widget-wrap\">\n\t\t\t\t\t\t\t<\/div>\n\t\t<\/div>\n\t\t\t\t\t<\/div>\n\t\t<\/section>\n\t\t\t\t<\/div>","protected":false},"excerpt":{"rendered":"<p>MarsTransport olaraq, daxili d\u0259y\u0259rl\u0259rimiz\u0259 v\u0259 komanda ruhuna y\u00fcks\u0259k \u00f6n\u0259m veririk. Biz, h\u0259r bir \u0259m\u0259kda\u015f\u0131m\u0131z\u0131n potensial\u0131n\u0131 maksimum d\u0259r\u0259c\u0259d\u0259 inki\u015faf etdirm\u0259k v\u0259 m\u00fcasir i\u015f m\u00fchitind\u0259 karyera y\u00fcks\u0259li\u015fi t\u0259min etm\u0259k \u00fc\u00e7\u00fcn \u0259limizd\u0259n g\u0259l\u0259ni edirik. \u018fg\u0259r siz d\u0259 dinamik v\u0259 inki\u015faf ed\u0259n komandam\u0131z\u0131n bir hiss\u0259si olmaq, karyeran\u0131z\u0131 yeni zirv\u0259l\u0259r\u0259 da\u015f\u0131maq ist\u0259yirsinizs\u0259, CV-nizi v\u0259 m\u00fcraci\u0259t etdiyiniz v\u0259zif\u0259ni qeyd ed\u0259r\u0259k info@marstransport.az [&hellip;]<\/p>\n","protected":false},"author":1,"featured_media":0,"parent":0,"menu_order":0,"comment_status":"closed","ping_status":"closed","template":"elementor_header_footer","meta":{"footnotes":""},"class_list":["post-2455","page","type-page","status-publish","hentry"],"yoast_head":"<!-- This site is optimized with the Yoast SEO plugin v27.3 - https:\/\/yoast.com\/product\/yoast-seo-wordpress\/ -->\n<title>Karyera - Mars Transport<\/title>\n<meta name=\"description\" content=\"Mars Transport ailesi ile geleceyinizi qurun\/\" \/>\n<meta name=\"robots\" content=\"index, follow, max-snippet:-1, max-image-preview:large, max-video-preview:-1\" \/>\n<link rel=\"canonical\" href=\"https:\/\/marstransport.az\/en\/karyera\/\" \/>\n<meta property=\"og:locale\" content=\"en_GB\" \/>\n<meta property=\"og:type\" content=\"article\" \/>\n<meta property=\"og:title\" content=\"Karyera - Mars Transport\" \/>\n<meta property=\"og:description\" content=\"Mars Transport ailesi ile geleceyinizi qurun\/\" \/>\n<meta property=\"og:url\" content=\"https:\/\/marstransport.az\/en\/karyera\/\" \/>\n<meta property=\"og:site_name\" content=\"Mars Transport\" \/>\n<meta property=\"article:modified_time\" content=\"2024-12-23T13:39:36+00:00\" \/>\n<meta name=\"twitter:card\" content=\"summary_large_image\" \/>\n<meta name=\"twitter:label1\" content=\"Estimated reading time\" \/>\n\t<meta name=\"twitter:data1\" content=\"1 minute\" \/>\n<script type=\"application\/ld+json\" class=\"yoast-schema-graph\">{\"@context\":\"https:\\\/\\\/schema.org\",\"@graph\":[{\"@type\":\"WebPage\",\"@id\":\"https:\\\/\\\/marstransport.az\\\/karyera\\\/\",\"url\":\"https:\\\/\\\/marstransport.az\\\/karyera\\\/\",\"name\":\"Karyera - Mars Transport\",\"isPartOf\":{\"@id\":\"https:\\\/\\\/marstransport.az\\\/#website\"},\"datePublished\":\"2024-08-30T13:28:12+00:00\",\"dateModified\":\"2024-12-23T13:39:36+00:00\",\"description\":\"Mars Transport ailesi ile geleceyinizi qurun\\\/\",\"breadcrumb\":{\"@id\":\"https:\\\/\\\/marstransport.az\\\/karyera\\\/#breadcrumb\"},\"inLanguage\":\"en-GB\",\"potentialAction\":[{\"@type\":\"ReadAction\",\"target\":[\"https:\\\/\\\/marstransport.az\\\/karyera\\\/\"]}]},{\"@type\":\"BreadcrumbList\",\"@id\":\"https:\\\/\\\/marstransport.az\\\/karyera\\\/#breadcrumb\",\"itemListElement\":[{\"@type\":\"ListItem\",\"position\":1,\"name\":\"Home\",\"item\":\"https:\\\/\\\/marstransport.az\\\/\"},{\"@type\":\"ListItem\",\"position\":2,\"name\":\"Karyera\"}]},{\"@type\":\"WebSite\",\"@id\":\"https:\\\/\\\/marstransport.az\\\/#website\",\"url\":\"https:\\\/\\\/marstransport.az\\\/\",\"name\":\"Mars Transport\",\"description\":\"\",\"publisher\":{\"@id\":\"https:\\\/\\\/marstransport.az\\\/#organization\"},\"potentialAction\":[{\"@type\":\"SearchAction\",\"target\":{\"@type\":\"EntryPoint\",\"urlTemplate\":\"https:\\\/\\\/marstransport.az\\\/?s={search_term_string}\"},\"query-input\":{\"@type\":\"PropertyValueSpecification\",\"valueRequired\":true,\"valueName\":\"search_term_string\"}}],\"inLanguage\":\"en-GB\"},{\"@type\":\"Organization\",\"@id\":\"https:\\\/\\\/marstransport.az\\\/#organization\",\"name\":\"Mars Transport\",\"url\":\"https:\\\/\\\/marstransport.az\\\/\",\"logo\":{\"@type\":\"ImageObject\",\"inLanguage\":\"en-GB\",\"@id\":\"https:\\\/\\\/marstransport.az\\\/#\\\/schema\\\/logo\\\/image\\\/\",\"url\":\"https:\\\/\\\/marstransport.az\\\/wp-content\\\/uploads\\\/2024\\\/09\\\/logo-1.png\",\"contentUrl\":\"https:\\\/\\\/marstransport.az\\\/wp-content\\\/uploads\\\/2024\\\/09\\\/logo-1.png\",\"width\":150,\"height\":90,\"caption\":\"Mars Transport\"},\"image\":{\"@id\":\"https:\\\/\\\/marstransport.az\\\/#\\\/schema\\\/logo\\\/image\\\/\"}}]}<\/script>\n<!-- \/ Yoast SEO plugin. -->","yoast_head_json":{"title":"Karyera - Mars Transport","description":"Mars Transport ailesi ile geleceyinizi qurun\/","robots":{"index":"index","follow":"follow","max-snippet":"max-snippet:-1","max-image-preview":"max-image-preview:large","max-video-preview":"max-video-preview:-1"},"canonical":"https:\/\/marstransport.az\/en\/karyera\/","og_locale":"en_GB","og_type":"article","og_title":"Karyera - Mars Transport","og_description":"Mars Transport ailesi ile geleceyinizi qurun\/","og_url":"https:\/\/marstransport.az\/en\/karyera\/","og_site_name":"Mars Transport","article_modified_time":"2024-12-23T13:39:36+00:00","twitter_card":"summary_large_image","twitter_misc":{"Estimated reading time":"1 minute"},"schema":{"@context":"https:\/\/schema.org","@graph":[{"@type":"WebPage","@id":"https:\/\/marstransport.az\/karyera\/","url":"https:\/\/marstransport.az\/karyera\/","name":"Karyera - Mars Transport","isPartOf":{"@id":"https:\/\/marstransport.az\/#website"},"datePublished":"2024-08-30T13:28:12+00:00","dateModified":"2024-12-23T13:39:36+00:00","description":"Mars Transport ailesi ile geleceyinizi qurun\/","breadcrumb":{"@id":"https:\/\/marstransport.az\/karyera\/#breadcrumb"},"inLanguage":"en-GB","potentialAction":[{"@type":"ReadAction","target":["https:\/\/marstransport.az\/karyera\/"]}]},{"@type":"BreadcrumbList","@id":"https:\/\/marstransport.az\/karyera\/#breadcrumb","itemListElement":[{"@type":"ListItem","position":1,"name":"Home","item":"https:\/\/marstransport.az\/"},{"@type":"ListItem","position":2,"name":"Karyera"}]},{"@type":"WebSite","@id":"https:\/\/marstransport.az\/#website","url":"https:\/\/marstransport.az\/","name":"Mars Transport","description":"","publisher":{"@id":"https:\/\/marstransport.az\/#organization"},"potentialAction":[{"@type":"SearchAction","target":{"@type":"EntryPoint","urlTemplate":"https:\/\/marstransport.az\/?s={search_term_string}"},"query-input":{"@type":"PropertyValueSpecification","valueRequired":true,"valueName":"search_term_string"}}],"inLanguage":"en-GB"},{"@type":"Organization","@id":"https:\/\/marstransport.az\/#organization","name":"Mars Transport","url":"https:\/\/marstransport.az\/","logo":{"@type":"ImageObject","inLanguage":"en-GB","@id":"https:\/\/marstransport.az\/#\/schema\/logo\/image\/","url":"https:\/\/marstransport.az\/wp-content\/uploads\/2024\/09\/logo-1.png","contentUrl":"https:\/\/marstransport.az\/wp-content\/uploads\/2024\/09\/logo-1.png","width":150,"height":90,"caption":"Mars Transport"},"image":{"@id":"https:\/\/marstransport.az\/#\/schema\/logo\/image\/"}}]}},"_links":{"self":[{"href":"https:\/\/marstransport.az\/en\/wp-json\/wp\/v2\/pages\/2455","targetHints":{"allow":["GET"]}}],"collection":[{"href":"https:\/\/marstransport.az\/en\/wp-json\/wp\/v2\/pages"}],"about":[{"href":"https:\/\/marstransport.az\/en\/wp-json\/wp\/v2\/types\/page"}],"author":[{"embeddable":true,"href":"https:\/\/marstransport.az\/en\/wp-json\/wp\/v2\/users\/1"}],"replies":[{"embeddable":true,"href":"https:\/\/marstransport.az\/en\/wp-json\/wp\/v2\/comments?post=2455"}],"version-history":[{"count":1,"href":"https:\/\/marstransport.az\/en\/wp-json\/wp\/v2\/pages\/2455\/revisions"}],"predecessor-version":[{"id":3205,"href":"https:\/\/marstransport.az\/en\/wp-json\/wp\/v2\/pages\/2455\/revisions\/3205"}],"wp:attachment":[{"href":"https:\/\/marstransport.az\/en\/wp-json\/wp\/v2\/media?parent=2455"}],"curies":[{"name":"wp","href":"https:\/\/api.w.org\/{rel}","templated":true}]}}