{"id":26,"date":"2023-12-08T18:02:23","date_gmt":"2023-12-08T18:02:23","guid":{"rendered":"https:\/\/byteflows.net\/wp\/transpi\/?page_id=26"},"modified":"2024-12-26T07:13:44","modified_gmt":"2024-12-26T07:13:44","slug":"haqqimizda","status":"publish","type":"page","link":"https:\/\/marstransport.az\/en\/haqqimizda\/","title":{"rendered":"About us"},"content":{"rendered":"<div data-elementor-type=\"wp-page\" data-elementor-id=\"26\" class=\"elementor elementor-26\" data-elementor-post-type=\"page\">\n\t\t\t\t\t\t<section class=\"elementor-section elementor-top-section elementor-element elementor-element-e69a097 elementor-section-boxed elementor-section-height-default elementor-section-height-default\" data-id=\"e69a097\" data-element_type=\"section\" data-e-type=\"section\" data-settings=\"{&quot;background_background&quot;:&quot;classic&quot;}\">\n\t\t\t\t\t\t<div class=\"elementor-container elementor-column-gap-default\">\n\t\t\t\t\t<div class=\"aux-parallax-section elementor-column elementor-col-100 elementor-top-column elementor-element elementor-element-e13b162\" data-id=\"e13b162\" data-element_type=\"column\" data-e-type=\"column\">\n\t\t\t<div class=\"elementor-widget-wrap elementor-element-populated\">\n\t\t\t\t\t\t<section class=\"elementor-section elementor-inner-section elementor-element elementor-element-49052e6 elementor-section-full_width elementor-section-height-default elementor-section-height-default\" data-id=\"49052e6\" data-element_type=\"section\" data-e-type=\"section\">\n\t\t\t\t\t\t<div class=\"elementor-container elementor-column-gap-default\">\n\t\t\t\t\t<div class=\"aux-parallax-section elementor-column elementor-col-50 elementor-inner-column elementor-element elementor-element-e57fd68\" data-id=\"e57fd68\" data-element_type=\"column\" data-e-type=\"column\">\n\t\t\t<div class=\"elementor-widget-wrap elementor-element-populated\">\n\t\t\t\t\t\t<div class=\"elementor-element elementor-element-a6c1994 elementor-widget elementor-widget-image\" data-id=\"a6c1994\" data-element_type=\"widget\" data-e-type=\"widget\" data-widget_type=\"image.default\">\n\t\t\t\t<div class=\"elementor-widget-container\">\n\t\t\t\t\t\t\t\t\t\t\t\t\t\t\t<img fetchpriority=\"high\" decoding=\"async\" width=\"1920\" height=\"1200\" src=\"https:\/\/marstransport.az\/wp-content\/uploads\/2024\/08\/1792341398407345826.jpg\" class=\"attachment-full size-full wp-image-135\" alt=\"Hava, d\u0259niz v\u0259 quru yolu da\u015f\u0131malar\u0131 - Beyn\u0259lxalq logistika h\u0259lli.\" srcset=\"https:\/\/marstransport.az\/wp-content\/uploads\/2024\/08\/1792341398407345826.jpg 1920w, https:\/\/marstransport.az\/wp-content\/uploads\/2024\/08\/1792341398407345826-1536x960.jpg 1536w, https:\/\/marstransport.az\/wp-content\/uploads\/2024\/08\/1792341398407345826-200x125.jpg 200w\" sizes=\"(max-width: 1920px) 100vw, 1920px\" \/>\t\t\t\t\t\t\t\t\t\t\t\t\t\t\t<\/div>\n\t\t\t\t<\/div>\n\t\t\t\t\t<\/div>\n\t\t<\/div>\n\t\t\t\t<div class=\"aux-parallax-section elementor-column elementor-col-50 elementor-inner-column elementor-element elementor-element-4d09296\" data-id=\"4d09296\" data-element_type=\"column\" data-e-type=\"column\">\n\t\t\t<div class=\"elementor-widget-wrap elementor-element-populated\">\n\t\t\t\t\t\t<div class=\"elementor-element elementor-element-eb9b0d4 elementor-widget elementor-widget-text-editor\" data-id=\"eb9b0d4\" data-element_type=\"widget\" data-e-type=\"widget\" data-widget_type=\"text-editor.default\">\n\t\t\t\t<div class=\"elementor-widget-container\">\n\t\t\t\t\t\t\t\t\t<p>As a Mars Transport team, we offer a full range of logistics services, including transportation, warehousing and supply chain management.<\/p><p>Our core services include efficient transport logistics, strategic warehousing solutions and accurate inventory management to streamline your operations.<\/p><p>We provide real-time control and data transmission from advanced technology. We support the highest standards of service quality, compliance and sustainability by providing reliable logistics solutions that exceed expectations.<\/p><p>Mars Transport serves diverse customers worldwide, providing seamless logistics operations across countries and continents.<\/p><p>Explore how Mars Transport can optimize your supply chain today.<\/p><p>Contact us to discuss your logistics needs and discover the difference our expertise can make.<\/p>\t\t\t\t\t\t\t\t<\/div>\n\t\t\t\t<\/div>\n\t\t\t\t\t<\/div>\n\t\t<\/div>\n\t\t\t\t\t<\/div>\n\t\t<\/section>\n\t\t\t\t\t<\/div>\n\t\t<\/div>\n\t\t\t\t\t<\/div>\n\t\t<\/section>\n\t\t\t\t<\/div>","protected":false},"excerpt":{"rendered":"<p>Mars Transport- komandas\u0131 olaraq n\u0259qliyyat, anbar v\u0259 t\u0259chizat z\u0259ncirinin idar\u0259 edilm\u0259si daxil olmaqla, tam spektrli logistika xidm\u0259tl\u0259ri t\u0259klif edirik. Bizim \u0259sas xidm\u0259tl\u0259rimiz s\u0259m\u0259r\u0259li n\u0259qliyyat logistikas\u0131n\u0131, strateji anbar h\u0259ll\u0259rini v\u0259 \u0259m\u0259liyyatlar\u0131n\u0131z\u0131 asanla\u015fd\u0131rmaq \u00fc\u00e7\u00fcn inventarlar\u0131n d\u0259qiq idar\u0259 edilm\u0259sini \u0259hat\u0259 edir. Qabaqc\u0131l texnologiyadan v\u0259 real vaxt rejimind\u0259 n\u0259zar\u0259t v\u0259 m\u0259lumat \u00f6t\u00fcr\u00fclm\u0259sini t\u0259min edirik.Biz g\u00f6zl\u0259ntil\u0259ri a\u015fan etibarl\u0131 logistik h\u0259ll\u0259r [&hellip;]<\/p>\n","protected":false},"author":1,"featured_media":0,"parent":0,"menu_order":0,"comment_status":"closed","ping_status":"closed","template":"elementor_header_footer","meta":{"footnotes":""},"class_list":["post-26","page","type-page","status-publish","hentry"],"yoast_head":"<!-- This site is optimized with the Yoast SEO plugin v27.3 - https:\/\/yoast.com\/product\/yoast-seo-wordpress\/ -->\n<title>Haqq\u0131m\u0131zda - Mars Transport<\/title>\n<meta name=\"description\" content=\"Mars Transport shirketi hava, deniz, guru, demiryolu dashimalarinda fealiyyet gosteren beynelxalq sirketdir. Haqq\u0131m\u0131zda\" \/>\n<meta name=\"robots\" content=\"index, follow, max-snippet:-1, max-image-preview:large, max-video-preview:-1\" \/>\n<link rel=\"canonical\" href=\"https:\/\/marstransport.az\/en\/haqqimizda\/\" \/>\n<meta property=\"og:locale\" content=\"en_GB\" \/>\n<meta property=\"og:type\" content=\"article\" \/>\n<meta property=\"og:title\" content=\"Haqq\u0131m\u0131zda - Mars Transport\" \/>\n<meta property=\"og:description\" content=\"Mars Transport shirketi hava, deniz, guru, demiryolu dashimalarinda fealiyyet gosteren beynelxalq sirketdir. Haqq\u0131m\u0131zda\" \/>\n<meta property=\"og:url\" content=\"https:\/\/marstransport.az\/en\/haqqimizda\/\" \/>\n<meta property=\"og:site_name\" content=\"Mars Transport\" \/>\n<meta property=\"article:modified_time\" content=\"2024-12-26T07:13:44+00:00\" \/>\n<meta property=\"og:image\" content=\"https:\/\/marstransport.az\/wp-content\/uploads\/2024\/08\/1792341398407345826.jpg\" \/>\n<meta name=\"twitter:card\" content=\"summary_large_image\" \/>\n<meta name=\"twitter:label1\" content=\"Estimated reading time\" \/>\n\t<meta name=\"twitter:data1\" content=\"1 minute\" \/>\n<script type=\"application\/ld+json\" class=\"yoast-schema-graph\">{\"@context\":\"https:\\\/\\\/schema.org\",\"@graph\":[{\"@type\":\"WebPage\",\"@id\":\"https:\\\/\\\/marstransport.az\\\/haqqimizda\\\/\",\"url\":\"https:\\\/\\\/marstransport.az\\\/haqqimizda\\\/\",\"name\":\"Haqq\u0131m\u0131zda - Mars Transport\",\"isPartOf\":{\"@id\":\"https:\\\/\\\/marstransport.az\\\/#website\"},\"primaryImageOfPage\":{\"@id\":\"https:\\\/\\\/marstransport.az\\\/haqqimizda\\\/#primaryimage\"},\"image\":{\"@id\":\"https:\\\/\\\/marstransport.az\\\/haqqimizda\\\/#primaryimage\"},\"thumbnailUrl\":\"https:\\\/\\\/marstransport.az\\\/wp-content\\\/uploads\\\/2024\\\/08\\\/1792341398407345826.jpg\",\"datePublished\":\"2023-12-08T18:02:23+00:00\",\"dateModified\":\"2024-12-26T07:13:44+00:00\",\"description\":\"Mars Transport shirketi hava, deniz, guru, demiryolu dashimalarinda fealiyyet gosteren beynelxalq sirketdir. Haqq\u0131m\u0131zda\",\"breadcrumb\":{\"@id\":\"https:\\\/\\\/marstransport.az\\\/haqqimizda\\\/#breadcrumb\"},\"inLanguage\":\"en-GB\",\"potentialAction\":[{\"@type\":\"ReadAction\",\"target\":[\"https:\\\/\\\/marstransport.az\\\/haqqimizda\\\/\"]}]},{\"@type\":\"ImageObject\",\"inLanguage\":\"en-GB\",\"@id\":\"https:\\\/\\\/marstransport.az\\\/haqqimizda\\\/#primaryimage\",\"url\":\"https:\\\/\\\/marstransport.az\\\/wp-content\\\/uploads\\\/2024\\\/08\\\/1792341398407345826.jpg\",\"contentUrl\":\"https:\\\/\\\/marstransport.az\\\/wp-content\\\/uploads\\\/2024\\\/08\\\/1792341398407345826.jpg\"},{\"@type\":\"BreadcrumbList\",\"@id\":\"https:\\\/\\\/marstransport.az\\\/haqqimizda\\\/#breadcrumb\",\"itemListElement\":[{\"@type\":\"ListItem\",\"position\":1,\"name\":\"Home\",\"item\":\"https:\\\/\\\/marstransport.az\\\/\"},{\"@type\":\"ListItem\",\"position\":2,\"name\":\"Haqq\u0131m\u0131zda\"}]},{\"@type\":\"WebSite\",\"@id\":\"https:\\\/\\\/marstransport.az\\\/#website\",\"url\":\"https:\\\/\\\/marstransport.az\\\/\",\"name\":\"Mars Transport\",\"description\":\"\",\"publisher\":{\"@id\":\"https:\\\/\\\/marstransport.az\\\/#organization\"},\"potentialAction\":[{\"@type\":\"SearchAction\",\"target\":{\"@type\":\"EntryPoint\",\"urlTemplate\":\"https:\\\/\\\/marstransport.az\\\/?s={search_term_string}\"},\"query-input\":{\"@type\":\"PropertyValueSpecification\",\"valueRequired\":true,\"valueName\":\"search_term_string\"}}],\"inLanguage\":\"en-GB\"},{\"@type\":\"Organization\",\"@id\":\"https:\\\/\\\/marstransport.az\\\/#organization\",\"name\":\"Mars Transport\",\"url\":\"https:\\\/\\\/marstransport.az\\\/\",\"logo\":{\"@type\":\"ImageObject\",\"inLanguage\":\"en-GB\",\"@id\":\"https:\\\/\\\/marstransport.az\\\/#\\\/schema\\\/logo\\\/image\\\/\",\"url\":\"https:\\\/\\\/marstransport.az\\\/wp-content\\\/uploads\\\/2024\\\/09\\\/logo-1.png\",\"contentUrl\":\"https:\\\/\\\/marstransport.az\\\/wp-content\\\/uploads\\\/2024\\\/09\\\/logo-1.png\",\"width\":150,\"height\":90,\"caption\":\"Mars Transport\"},\"image\":{\"@id\":\"https:\\\/\\\/marstransport.az\\\/#\\\/schema\\\/logo\\\/image\\\/\"}}]}<\/script>\n<!-- \/ Yoast SEO plugin. -->","yoast_head_json":{"title":"Haqq\u0131m\u0131zda - Mars Transport","description":"Mars Transport shirketi hava, deniz, guru, demiryolu dashimalarinda fealiyyet gosteren beynelxalq sirketdir. Haqq\u0131m\u0131zda","robots":{"index":"index","follow":"follow","max-snippet":"max-snippet:-1","max-image-preview":"max-image-preview:large","max-video-preview":"max-video-preview:-1"},"canonical":"https:\/\/marstransport.az\/en\/haqqimizda\/","og_locale":"en_GB","og_type":"article","og_title":"Haqq\u0131m\u0131zda - Mars Transport","og_description":"Mars Transport shirketi hava, deniz, guru, demiryolu dashimalarinda fealiyyet gosteren beynelxalq sirketdir. Haqq\u0131m\u0131zda","og_url":"https:\/\/marstransport.az\/en\/haqqimizda\/","og_site_name":"Mars Transport","article_modified_time":"2024-12-26T07:13:44+00:00","og_image":[{"url":"https:\/\/marstransport.az\/wp-content\/uploads\/2024\/08\/1792341398407345826.jpg","type":"","width":"","height":""}],"twitter_card":"summary_large_image","twitter_misc":{"Estimated reading time":"1 minute"},"schema":{"@context":"https:\/\/schema.org","@graph":[{"@type":"WebPage","@id":"https:\/\/marstransport.az\/haqqimizda\/","url":"https:\/\/marstransport.az\/haqqimizda\/","name":"Haqq\u0131m\u0131zda - Mars Transport","isPartOf":{"@id":"https:\/\/marstransport.az\/#website"},"primaryImageOfPage":{"@id":"https:\/\/marstransport.az\/haqqimizda\/#primaryimage"},"image":{"@id":"https:\/\/marstransport.az\/haqqimizda\/#primaryimage"},"thumbnailUrl":"https:\/\/marstransport.az\/wp-content\/uploads\/2024\/08\/1792341398407345826.jpg","datePublished":"2023-12-08T18:02:23+00:00","dateModified":"2024-12-26T07:13:44+00:00","description":"Mars Transport shirketi hava, deniz, guru, demiryolu dashimalarinda fealiyyet gosteren beynelxalq sirketdir. Haqq\u0131m\u0131zda","breadcrumb":{"@id":"https:\/\/marstransport.az\/haqqimizda\/#breadcrumb"},"inLanguage":"en-GB","potentialAction":[{"@type":"ReadAction","target":["https:\/\/marstransport.az\/haqqimizda\/"]}]},{"@type":"ImageObject","inLanguage":"en-GB","@id":"https:\/\/marstransport.az\/haqqimizda\/#primaryimage","url":"https:\/\/marstransport.az\/wp-content\/uploads\/2024\/08\/1792341398407345826.jpg","contentUrl":"https:\/\/marstransport.az\/wp-content\/uploads\/2024\/08\/1792341398407345826.jpg"},{"@type":"BreadcrumbList","@id":"https:\/\/marstransport.az\/haqqimizda\/#breadcrumb","itemListElement":[{"@type":"ListItem","position":1,"name":"Home","item":"https:\/\/marstransport.az\/"},{"@type":"ListItem","position":2,"name":"Haqq\u0131m\u0131zda"}]},{"@type":"WebSite","@id":"https:\/\/marstransport.az\/#website","url":"https:\/\/marstransport.az\/","name":"Mars Transport","description":"","publisher":{"@id":"https:\/\/marstransport.az\/#organization"},"potentialAction":[{"@type":"SearchAction","target":{"@type":"EntryPoint","urlTemplate":"https:\/\/marstransport.az\/?s={search_term_string}"},"query-input":{"@type":"PropertyValueSpecification","valueRequired":true,"valueName":"search_term_string"}}],"inLanguage":"en-GB"},{"@type":"Organization","@id":"https:\/\/marstransport.az\/#organization","name":"Mars Transport","url":"https:\/\/marstransport.az\/","logo":{"@type":"ImageObject","inLanguage":"en-GB","@id":"https:\/\/marstransport.az\/#\/schema\/logo\/image\/","url":"https:\/\/marstransport.az\/wp-content\/uploads\/2024\/09\/logo-1.png","contentUrl":"https:\/\/marstransport.az\/wp-content\/uploads\/2024\/09\/logo-1.png","width":150,"height":90,"caption":"Mars Transport"},"image":{"@id":"https:\/\/marstransport.az\/#\/schema\/logo\/image\/"}}]}},"_links":{"self":[{"href":"https:\/\/marstransport.az\/en\/wp-json\/wp\/v2\/pages\/26","targetHints":{"allow":["GET"]}}],"collection":[{"href":"https:\/\/marstransport.az\/en\/wp-json\/wp\/v2\/pages"}],"about":[{"href":"https:\/\/marstransport.az\/en\/wp-json\/wp\/v2\/types\/page"}],"author":[{"embeddable":true,"href":"https:\/\/marstransport.az\/en\/wp-json\/wp\/v2\/users\/1"}],"replies":[{"embeddable":true,"href":"https:\/\/marstransport.az\/en\/wp-json\/wp\/v2\/comments?post=26"}],"version-history":[{"count":6,"href":"https:\/\/marstransport.az\/en\/wp-json\/wp\/v2\/pages\/26\/revisions"}],"predecessor-version":[{"id":3183,"href":"https:\/\/marstransport.az\/en\/wp-json\/wp\/v2\/pages\/26\/revisions\/3183"}],"wp:attachment":[{"href":"https:\/\/marstransport.az\/en\/wp-json\/wp\/v2\/media?parent=26"}],"curies":[{"name":"wp","href":"https:\/\/api.w.org\/{rel}","templated":true}]}}