{"id":3164,"date":"2024-09-24T08:52:44","date_gmt":"2024-09-24T08:52:44","guid":{"rendered":"https:\/\/marstransport.az\/?page_id=3164"},"modified":"2024-12-26T13:49:24","modified_gmt":"2024-12-26T13:49:24","slug":"mars-transport-fotoqalereya","status":"publish","type":"page","link":"https:\/\/marstransport.az\/en\/mars-transport-fotoqalereya\/","title":{"rendered":"Photo"},"content":{"rendered":"<div data-elementor-type=\"wp-page\" data-elementor-id=\"3164\" class=\"elementor elementor-3164\" data-elementor-post-type=\"page\">\n\t\t\t\t\t\t<section class=\"elementor-section elementor-top-section elementor-element elementor-element-e69a097 elementor-section-boxed elementor-section-height-default elementor-section-height-default\" data-id=\"e69a097\" data-element_type=\"section\" data-e-type=\"section\" data-settings=\"{&quot;background_background&quot;:&quot;classic&quot;}\">\n\t\t\t\t\t\t<div class=\"elementor-container elementor-column-gap-default\">\n\t\t\t\t\t<div class=\"aux-parallax-section elementor-column elementor-col-100 elementor-top-column elementor-element elementor-element-e13b162\" data-id=\"e13b162\" data-element_type=\"column\" data-e-type=\"column\">\n\t\t\t<div class=\"elementor-widget-wrap elementor-element-populated\">\n\t\t\t\t\t\t<section class=\"elementor-section elementor-inner-section elementor-element elementor-element-49052e6 elementor-section-full_width elementor-section-height-default elementor-section-height-default\" data-id=\"49052e6\" data-element_type=\"section\" data-e-type=\"section\">\n\t\t\t\t\t\t<div class=\"elementor-container elementor-column-gap-default\">\n\t\t\t\t\t<div class=\"aux-parallax-section elementor-column elementor-col-50 elementor-inner-column elementor-element elementor-element-e57fd68\" data-id=\"e57fd68\" data-element_type=\"column\" data-e-type=\"column\">\n\t\t\t<div class=\"elementor-widget-wrap elementor-element-populated\">\n\t\t\t\t\t\t<div class=\"elementor-element elementor-element-b8ed6af elementor-widget elementor-widget-spacer\" data-id=\"b8ed6af\" data-element_type=\"widget\" data-e-type=\"widget\" data-widget_type=\"spacer.default\">\n\t\t\t\t<div class=\"elementor-widget-container\">\n\t\t\t\t\t\t\t<div class=\"elementor-spacer\">\n\t\t\t<div class=\"elementor-spacer-inner\"><\/div>\n\t\t<\/div>\n\t\t\t\t\t\t<\/div>\n\t\t\t\t<\/div>\n\t\t\t\t\t<\/div>\n\t\t<\/div>\n\t\t\t\t<div class=\"aux-parallax-section elementor-column elementor-col-50 elementor-inner-column elementor-element elementor-element-4d09296\" data-id=\"4d09296\" data-element_type=\"column\" data-e-type=\"column\">\n\t\t\t<div class=\"elementor-widget-wrap\">\n\t\t\t\t\t\t\t<\/div>\n\t\t<\/div>\n\t\t\t\t\t<\/div>\n\t\t<\/section>\n\t\t\t\t\t<\/div>\n\t\t<\/div>\n\t\t\t\t\t<\/div>\n\t\t<\/section>\n\t\t\t\t<\/div>","protected":false},"excerpt":{"rendered":"","protected":false},"author":1,"featured_media":0,"parent":0,"menu_order":0,"comment_status":"closed","ping_status":"closed","template":"","meta":{"footnotes":""},"class_list":["post-3164","page","type-page","status-publish","hentry"],"yoast_head":"<!-- This site is optimized with the Yoast SEO plugin v27.4 - https:\/\/yoast.com\/product\/yoast-seo-wordpress\/ -->\n<title>Foto - Mars Transport<\/title>\n<meta name=\"description\" content=\"Mars Transport-un fotoqalereyas\u0131 il\u0259 xidm\u0259tl\u0259rimiz v\u0259 layih\u0259l\u0259rimiz haqq\u0131nda \u0259trafl\u0131 g\u00f6r\u00fcnt\u00fcl\u0259r \u0259ld\u0259 edin. \u018ftrafl\u0131 baxmaq \u00fc\u00e7\u00fcn daxil olun!\" \/>\n<meta name=\"robots\" content=\"index, follow, max-snippet:-1, max-image-preview:large, max-video-preview:-1\" \/>\n<link rel=\"canonical\" href=\"https:\/\/marstransport.az\/en\/mars-transport-fotoqalereya\/\" \/>\n<meta property=\"og:locale\" content=\"en_GB\" \/>\n<meta property=\"og:type\" content=\"article\" \/>\n<meta property=\"og:title\" content=\"Foto - Mars Transport\" \/>\n<meta property=\"og:description\" content=\"Mars Transport-un fotoqalereyas\u0131 il\u0259 xidm\u0259tl\u0259rimiz v\u0259 layih\u0259l\u0259rimiz haqq\u0131nda \u0259trafl\u0131 g\u00f6r\u00fcnt\u00fcl\u0259r \u0259ld\u0259 edin. \u018ftrafl\u0131 baxmaq \u00fc\u00e7\u00fcn daxil olun!\" \/>\n<meta property=\"og:url\" content=\"https:\/\/marstransport.az\/en\/mars-transport-fotoqalereya\/\" \/>\n<meta property=\"og:site_name\" content=\"Mars Transport\" \/>\n<meta property=\"article:modified_time\" content=\"2024-12-26T13:49:24+00:00\" \/>\n<meta name=\"twitter:card\" content=\"summary_large_image\" \/>\n<script type=\"application\/ld+json\" class=\"yoast-schema-graph\">{\"@context\":\"https:\\\/\\\/schema.org\",\"@graph\":[{\"@type\":\"WebPage\",\"@id\":\"https:\\\/\\\/marstransport.az\\\/mars-transport-fotoqalereya\\\/\",\"url\":\"https:\\\/\\\/marstransport.az\\\/mars-transport-fotoqalereya\\\/\",\"name\":\"Foto - Mars Transport\",\"isPartOf\":{\"@id\":\"https:\\\/\\\/marstransport.az\\\/#website\"},\"datePublished\":\"2024-09-24T08:52:44+00:00\",\"dateModified\":\"2024-12-26T13:49:24+00:00\",\"description\":\"Mars Transport-un fotoqalereyas\u0131 il\u0259 xidm\u0259tl\u0259rimiz v\u0259 layih\u0259l\u0259rimiz haqq\u0131nda \u0259trafl\u0131 g\u00f6r\u00fcnt\u00fcl\u0259r \u0259ld\u0259 edin. \u018ftrafl\u0131 baxmaq \u00fc\u00e7\u00fcn daxil olun!\",\"breadcrumb\":{\"@id\":\"https:\\\/\\\/marstransport.az\\\/mars-transport-fotoqalereya\\\/#breadcrumb\"},\"inLanguage\":\"en-GB\",\"potentialAction\":[{\"@type\":\"ReadAction\",\"target\":[\"https:\\\/\\\/marstransport.az\\\/mars-transport-fotoqalereya\\\/\"]}]},{\"@type\":\"BreadcrumbList\",\"@id\":\"https:\\\/\\\/marstransport.az\\\/mars-transport-fotoqalereya\\\/#breadcrumb\",\"itemListElement\":[{\"@type\":\"ListItem\",\"position\":1,\"name\":\"Home\",\"item\":\"https:\\\/\\\/marstransport.az\\\/\"},{\"@type\":\"ListItem\",\"position\":2,\"name\":\"Foto\"}]},{\"@type\":\"WebSite\",\"@id\":\"https:\\\/\\\/marstransport.az\\\/#website\",\"url\":\"https:\\\/\\\/marstransport.az\\\/\",\"name\":\"Mars Transport\",\"description\":\"\",\"publisher\":{\"@id\":\"https:\\\/\\\/marstransport.az\\\/#organization\"},\"potentialAction\":[{\"@type\":\"SearchAction\",\"target\":{\"@type\":\"EntryPoint\",\"urlTemplate\":\"https:\\\/\\\/marstransport.az\\\/?s={search_term_string}\"},\"query-input\":{\"@type\":\"PropertyValueSpecification\",\"valueRequired\":true,\"valueName\":\"search_term_string\"}}],\"inLanguage\":\"en-GB\"},{\"@type\":\"Organization\",\"@id\":\"https:\\\/\\\/marstransport.az\\\/#organization\",\"name\":\"Mars Transport\",\"url\":\"https:\\\/\\\/marstransport.az\\\/\",\"logo\":{\"@type\":\"ImageObject\",\"inLanguage\":\"en-GB\",\"@id\":\"https:\\\/\\\/marstransport.az\\\/#\\\/schema\\\/logo\\\/image\\\/\",\"url\":\"https:\\\/\\\/marstransport.az\\\/wp-content\\\/uploads\\\/2024\\\/09\\\/logo-1.png\",\"contentUrl\":\"https:\\\/\\\/marstransport.az\\\/wp-content\\\/uploads\\\/2024\\\/09\\\/logo-1.png\",\"width\":150,\"height\":90,\"caption\":\"Mars Transport\"},\"image\":{\"@id\":\"https:\\\/\\\/marstransport.az\\\/#\\\/schema\\\/logo\\\/image\\\/\"}}]}<\/script>\n<!-- \/ Yoast SEO plugin. -->","yoast_head_json":{"title":"Foto - Mars Transport","description":"Mars Transport-un fotoqalereyas\u0131 il\u0259 xidm\u0259tl\u0259rimiz v\u0259 layih\u0259l\u0259rimiz haqq\u0131nda \u0259trafl\u0131 g\u00f6r\u00fcnt\u00fcl\u0259r \u0259ld\u0259 edin. \u018ftrafl\u0131 baxmaq \u00fc\u00e7\u00fcn daxil olun!","robots":{"index":"index","follow":"follow","max-snippet":"max-snippet:-1","max-image-preview":"max-image-preview:large","max-video-preview":"max-video-preview:-1"},"canonical":"https:\/\/marstransport.az\/en\/mars-transport-fotoqalereya\/","og_locale":"en_GB","og_type":"article","og_title":"Foto - Mars Transport","og_description":"Mars Transport-un fotoqalereyas\u0131 il\u0259 xidm\u0259tl\u0259rimiz v\u0259 layih\u0259l\u0259rimiz haqq\u0131nda \u0259trafl\u0131 g\u00f6r\u00fcnt\u00fcl\u0259r \u0259ld\u0259 edin. \u018ftrafl\u0131 baxmaq \u00fc\u00e7\u00fcn daxil olun!","og_url":"https:\/\/marstransport.az\/en\/mars-transport-fotoqalereya\/","og_site_name":"Mars Transport","article_modified_time":"2024-12-26T13:49:24+00:00","twitter_card":"summary_large_image","schema":{"@context":"https:\/\/schema.org","@graph":[{"@type":"WebPage","@id":"https:\/\/marstransport.az\/mars-transport-fotoqalereya\/","url":"https:\/\/marstransport.az\/mars-transport-fotoqalereya\/","name":"Foto - Mars Transport","isPartOf":{"@id":"https:\/\/marstransport.az\/#website"},"datePublished":"2024-09-24T08:52:44+00:00","dateModified":"2024-12-26T13:49:24+00:00","description":"Mars Transport-un fotoqalereyas\u0131 il\u0259 xidm\u0259tl\u0259rimiz v\u0259 layih\u0259l\u0259rimiz haqq\u0131nda \u0259trafl\u0131 g\u00f6r\u00fcnt\u00fcl\u0259r \u0259ld\u0259 edin. \u018ftrafl\u0131 baxmaq \u00fc\u00e7\u00fcn daxil olun!","breadcrumb":{"@id":"https:\/\/marstransport.az\/mars-transport-fotoqalereya\/#breadcrumb"},"inLanguage":"en-GB","potentialAction":[{"@type":"ReadAction","target":["https:\/\/marstransport.az\/mars-transport-fotoqalereya\/"]}]},{"@type":"BreadcrumbList","@id":"https:\/\/marstransport.az\/mars-transport-fotoqalereya\/#breadcrumb","itemListElement":[{"@type":"ListItem","position":1,"name":"Home","item":"https:\/\/marstransport.az\/"},{"@type":"ListItem","position":2,"name":"Foto"}]},{"@type":"WebSite","@id":"https:\/\/marstransport.az\/#website","url":"https:\/\/marstransport.az\/","name":"Mars Transport","description":"","publisher":{"@id":"https:\/\/marstransport.az\/#organization"},"potentialAction":[{"@type":"SearchAction","target":{"@type":"EntryPoint","urlTemplate":"https:\/\/marstransport.az\/?s={search_term_string}"},"query-input":{"@type":"PropertyValueSpecification","valueRequired":true,"valueName":"search_term_string"}}],"inLanguage":"en-GB"},{"@type":"Organization","@id":"https:\/\/marstransport.az\/#organization","name":"Mars Transport","url":"https:\/\/marstransport.az\/","logo":{"@type":"ImageObject","inLanguage":"en-GB","@id":"https:\/\/marstransport.az\/#\/schema\/logo\/image\/","url":"https:\/\/marstransport.az\/wp-content\/uploads\/2024\/09\/logo-1.png","contentUrl":"https:\/\/marstransport.az\/wp-content\/uploads\/2024\/09\/logo-1.png","width":150,"height":90,"caption":"Mars Transport"},"image":{"@id":"https:\/\/marstransport.az\/#\/schema\/logo\/image\/"}}]}},"_links":{"self":[{"href":"https:\/\/marstransport.az\/en\/wp-json\/wp\/v2\/pages\/3164","targetHints":{"allow":["GET"]}}],"collection":[{"href":"https:\/\/marstransport.az\/en\/wp-json\/wp\/v2\/pages"}],"about":[{"href":"https:\/\/marstransport.az\/en\/wp-json\/wp\/v2\/types\/page"}],"author":[{"embeddable":true,"href":"https:\/\/marstransport.az\/en\/wp-json\/wp\/v2\/users\/1"}],"replies":[{"embeddable":true,"href":"https:\/\/marstransport.az\/en\/wp-json\/wp\/v2\/comments?post=3164"}],"version-history":[{"count":1,"href":"https:\/\/marstransport.az\/en\/wp-json\/wp\/v2\/pages\/3164\/revisions"}],"predecessor-version":[{"id":3165,"href":"https:\/\/marstransport.az\/en\/wp-json\/wp\/v2\/pages\/3164\/revisions\/3165"}],"wp:attachment":[{"href":"https:\/\/marstransport.az\/en\/wp-json\/wp\/v2\/media?parent=3164"}],"curies":[{"name":"wp","href":"https:\/\/api.w.org\/{rel}","templated":true}]}}