{"id":2019,"date":"2024-08-14T19:09:54","date_gmt":"2024-08-14T19:09:54","guid":{"rendered":"https:\/\/marstransport.az\/?page_id=2019"},"modified":"2024-12-25T11:33:46","modified_gmt":"2024-12-25T11:33:46","slug":"deniz-dasimalari","status":"publish","type":"page","link":"https:\/\/marstransport.az\/ru\/services\/deniz-dasimalari\/","title":{"rendered":"\u041c\u043e\u0440\u0441\u043a\u0438\u0435 \u043f\u0435\u0440\u0435\u0432\u043e\u0437\u043a\u0438"},"content":{"rendered":"<div data-elementor-type=\"wp-page\" data-elementor-id=\"2019\" class=\"elementor elementor-2019\" data-elementor-post-type=\"page\">\n\t\t\t\t\t\t<section class=\"elementor-section elementor-top-section elementor-element elementor-element-5dd8828 elementor-section-boxed elementor-section-height-default elementor-section-height-default\" data-id=\"5dd8828\" data-element_type=\"section\" data-e-type=\"section\">\n\t\t\t\t\t\t<div class=\"elementor-container elementor-column-gap-default\">\n\t\t\t\t\t<div class=\"aux-parallax-section elementor-column elementor-col-66 elementor-top-column elementor-element elementor-element-23dff89\" data-id=\"23dff89\" data-element_type=\"column\" data-e-type=\"column\">\n\t\t\t<div class=\"elementor-widget-wrap elementor-element-populated\">\n\t\t\t\t\t\t<div class=\"elementor-element elementor-element-e632b26 elementor-widget elementor-widget-image\" data-id=\"e632b26\" data-element_type=\"widget\" data-e-type=\"widget\" data-widget_type=\"image.default\">\n\t\t\t\t<div class=\"elementor-widget-container\">\n\t\t\t\t\t\t\t\t\t\t\t\t\t\t\t<img fetchpriority=\"high\" decoding=\"async\" width=\"1024\" height=\"850\" src=\"https:\/\/marstransport.az\/wp-content\/uploads\/2024\/08\/slider2-img-1-1024x850.jpg\" class=\"attachment-large size-large wp-image-1899\" alt=\"\" \/>\t\t\t\t\t\t\t\t\t\t\t\t\t\t\t<\/div>\n\t\t\t\t<\/div>\n\t\t\t\t<div class=\"elementor-element elementor-element-270a304 elementor-widget elementor-widget-heading\" data-id=\"270a304\" data-element_type=\"widget\" data-e-type=\"widget\" data-widget_type=\"heading.default\">\n\t\t\t\t<div class=\"elementor-widget-container\">\n\t\t\t\t\t<h2 class=\"elementor-heading-title elementor-size-default\">\u041c\u043e\u0440\u0441\u043a\u0438\u0435 \u043f\u0435\u0440\u0435\u0432\u043e\u0437\u043a\u0438<\/h2>\t\t\t\t<\/div>\n\t\t\t\t<\/div>\n\t\t\t\t<div class=\"elementor-element elementor-element-9763274 elementor-widget elementor-widget-heading\" data-id=\"9763274\" data-element_type=\"widget\" data-e-type=\"widget\" data-widget_type=\"heading.default\">\n\t\t\t\t<div class=\"elementor-widget-container\">\n\t\t\t\t\t<p class=\"elementor-heading-title elementor-size-default\">\u041d\u0430\u0448\u0438 \u0443\u0441\u043b\u0443\u0433\u0438 \u043c\u043e\u0440\u0441\u043a\u043e\u0439 \u043b\u043e\u0433\u0438\u0441\u0442\u0438\u043a\u0438 \u0432\u043a\u043b\u044e\u0447\u0430\u044e\u0442 \u0432 \u0441\u0435\u0431\u044f \u044d\u0444\u0444\u0435\u043a\u0442\u0438\u0432\u043d\u044b\u0435 \u0442\u0440\u0430\u043d\u0441\u043f\u043e\u0440\u0442\u043d\u044b\u0435 \u0440\u0435\u0448\u0435\u043d\u0438\u044f, \u0430\u0434\u0430\u043f\u0442\u0438\u0440\u043e\u0432\u0430\u043d\u043d\u044b\u0435 \u043a \u043f\u043e\u0442\u0440\u0435\u0431\u043d\u043e\u0441\u0442\u044f\u043c \u0433\u043b\u043e\u0431\u0430\u043b\u044c\u043d\u043e\u0439 \u0442\u043e\u0440\u0433\u043e\u0432\u043b\u0438. \u0423\u0434\u0435\u043b\u044f\u044f \u043e\u0441\u043e\u0431\u043e\u0435 \u0432\u043d\u0438\u043c\u0430\u043d\u0438\u0435 \u043d\u0430\u0434\u0435\u0436\u043d\u043e\u0441\u0442\u0438 \u0438 \u044d\u043a\u043e\u043d\u043e\u043c\u0438\u0447\u043d\u043e\u0441\u0442\u0438, \u043d\u0430\u0448\u0430 \u043c\u043e\u0440\u0441\u043a\u0430\u044f \u043b\u043e\u0433\u0438\u0441\u0442\u0438\u043a\u0430 \u043e\u0431\u0435\u0441\u043f\u0435\u0447\u0438\u0432\u0430\u0435\u0442 \u0441\u0432\u043e\u0435\u0432\u0440\u0435\u043c\u0435\u043d\u043d\u0443\u044e \u0434\u043e\u0441\u0442\u0430\u0432\u043a\u0443 \u043f\u0440\u043e\u0434\u0443\u043a\u0446\u0438\u0438 \u043f\u043e \u0432\u0441\u0435\u043c\u0443 \u043c\u0438\u0440\u0443, \u043e\u0442 \u0430\u0432\u0442\u043e\u043c\u043e\u0431\u0438\u043b\u044c\u043d\u043e\u0433\u043e \u0442\u0440\u0430\u043d\u0441\u043f\u043e\u0440\u0442\u0430 \u0434\u043e \u0436\u0435\u043b\u0435\u0437\u043d\u043e\u0434\u043e\u0440\u043e\u0436\u043d\u043e\u0439 \u043b\u043e\u0433\u0438\u0441\u0442\u0438\u043a\u0438, \u043c\u044b \u0443\u043f\u0440\u0430\u0432\u043b\u044f\u0435\u043c \u043a\u0430\u0436\u0434\u044b\u043c \u0430\u0441\u043f\u0435\u043a\u0442\u043e\u043c \u043d\u0430\u0437\u0435\u043c\u043d\u043e\u0433\u043e \u0442\u0440\u0430\u043d\u0441\u043f\u043e\u0440\u0442\u0430 \u0441 \u0442\u043e\u0447\u043d\u043e\u0441\u0442\u044c\u044e \u0438 \u043e\u043f\u044b\u0442\u043e\u043c.\n\u0423\u0434\u0435\u043b\u044f\u044f \u043e\u0441\u043e\u0431\u043e\u0435 \u0432\u043d\u0438\u043c\u0430\u043d\u0438\u0435 \u0431\u0435\u0437\u043e\u043f\u0430\u0441\u043d\u043e\u0441\u0442\u0438 \u0438 \u0443\u0441\u0442\u043e\u0439\u0447\u0438\u0432\u043e\u043c\u0443 \u0440\u0430\u0437\u0432\u0438\u0442\u0438\u044e, \u043d\u0430\u0448\u0438 \u043d\u0430\u0437\u0435\u043c\u043d\u044b\u0435 \u043f\u0435\u0440\u0435\u0432\u043e\u0437\u043a\u0438 \u0441\u043e\u043e\u0442\u0432\u0435\u0442\u0441\u0442\u0432\u0443\u044e\u0442 \u0441\u0430\u043c\u044b\u043c \u0432\u044b\u0441\u043e\u043a\u0438\u043c \u043e\u0442\u0440\u0430\u0441\u043b\u0435\u0432\u044b\u043c \u0441\u0442\u0430\u043d\u0434\u0430\u0440\u0442\u0430\u043c.\n\n\u041e\u0437\u043d\u0430\u043a\u043e\u043c\u044c\u0442\u0435\u0441\u044c \u0441 \u043d\u0430\u0448\u0435\u0439 \u043a\u043e\u043c\u043f\u043b\u0435\u043a\u0441\u043d\u043e\u0439 \u0441\u0435\u0442\u044c\u044e \u043d\u0430\u0437\u0435\u043c\u043d\u043e\u0433\u043e \u0442\u0440\u0430\u043d\u0441\u043f\u043e\u0440\u0442\u0430, \u043a\u043e\u0442\u043e\u0440\u0430\u044f \u043e\u0431\u0435\u0441\u043f\u0435\u0447\u0438\u0432\u0430\u0435\u0442 \u0431\u0435\u0441\u043f\u0435\u0440\u0435\u0431\u043e\u0439\u043d\u0443\u044e \u0441\u0432\u044f\u0437\u044c \u0438 \u043d\u0430\u0434\u0435\u0436\u043d\u044b\u0435 \u0433\u0440\u0443\u0437\u043e\u0432\u044b\u0435 \u043f\u0435\u0440\u0435\u0432\u043e\u0437\u043a\u0438.<\/p>\t\t\t\t<\/div>\n\t\t\t\t<\/div>\n\t\t\t\t\t<\/div>\n\t\t<\/div>\n\t\t\t\t<div class=\"aux-parallax-section elementor-column elementor-col-33 elementor-top-column elementor-element elementor-element-883e883\" data-id=\"883e883\" data-element_type=\"column\" data-e-type=\"column\">\n\t\t\t<div class=\"elementor-widget-wrap elementor-element-populated\">\n\t\t\t\t\t\t<section class=\"elementor-section elementor-inner-section elementor-element elementor-element-e325a0d elementor-section-full_width elementor-section-height-default elementor-section-height-default\" data-id=\"e325a0d\" data-element_type=\"section\" data-e-type=\"section\" data-settings=\"{&quot;background_background&quot;:&quot;classic&quot;}\">\n\t\t\t\t\t\t\t<div class=\"elementor-background-overlay\"><\/div>\n\t\t\t\t\t\t\t<div class=\"elementor-container elementor-column-gap-no\">\n\t\t\t\t\t<div class=\"aux-parallax-section elementor-column elementor-col-100 elementor-inner-column elementor-element elementor-element-160c6db\" data-id=\"160c6db\" data-element_type=\"column\" data-e-type=\"column\">\n\t\t\t<div class=\"elementor-widget-wrap elementor-element-populated\">\n\t\t\t\t\t\t<div class=\"elementor-element elementor-element-9eaacad elementor-widget elementor-widget-heading\" data-id=\"9eaacad\" data-element_type=\"widget\" data-e-type=\"widget\" data-widget_type=\"heading.default\">\n\t\t\t\t<div class=\"elementor-widget-container\">\n\t\t\t\t\t<h2 class=\"elementor-heading-title elementor-size-default\">\u041f\u043e\u043b\u0443\u0447\u0438\u0442\u044c \u043f\u0440\u0435\u0434\u043b\u043e\u0436\u0435\u043d\u0438\u0435!<\/h2>\t\t\t\t<\/div>\n\t\t\t\t<\/div>\n\t\t\t\t<div class=\"elementor-element elementor-element-13f50a3 elementor-widget elementor-widget-heading\" data-id=\"13f50a3\" data-element_type=\"widget\" data-e-type=\"widget\" data-widget_type=\"heading.default\">\n\t\t\t\t<div class=\"elementor-widget-container\">\n\t\t\t\t\t<p class=\"elementor-heading-title elementor-size-default\">\u041f\u043e\u0437\u0432\u043e\u043d\u0438\u0442\u0435 \u043d\u0430\u043c, \u043c\u044b \u043f\u0435\u0440\u0435\u0437\u0432\u043e\u043d\u0438\u043c.<\/p>\t\t\t\t<\/div>\n\t\t\t\t<\/div>\n\t\t\t\t<div class=\"elementor-element elementor-element-d52ecfa elementor-position-inline-start elementor-view-default elementor-mobile-position-block-start elementor-widget elementor-widget-icon-box\" data-id=\"d52ecfa\" data-element_type=\"widget\" data-e-type=\"widget\" data-widget_type=\"icon-box.default\">\n\t\t\t\t<div class=\"elementor-widget-container\">\n\t\t\t\t\t\t\t<div class=\"elementor-icon-box-wrapper\">\n\n\t\t\t\t\t\t<div class=\"elementor-icon-box-icon\">\n\t\t\t\t<a href=\"tel:+994552034935\" class=\"elementor-icon\" tabindex=\"-1\">\n\t\t\t\t\t\t\t\t<\/a>\n\t\t\t<\/div>\n\t\t\t\n\t\t\t\t\t\t<div class=\"elementor-icon-box-content\">\n\n\t\t\t\t\n\t\t\t\t\t\t\t\t\t<p class=\"elementor-icon-box-description\">\n\t\t\t\t\t\t+994 55 203 49 35\t\t\t\t\t<\/p>\n\t\t\t\t\n\t\t\t<\/div>\n\t\t\t\n\t\t<\/div>\n\t\t\t\t\t\t<\/div>\n\t\t\t\t<\/div>\n\t\t\t\t\t<\/div>\n\t\t<\/div>\n\t\t\t\t\t<\/div>\n\t\t<\/section>\n\t\t\t\t\t<\/div>\n\t\t<\/div>\n\t\t\t\t\t<\/div>\n\t\t<\/section>\n\t\t\t\t<\/div>","protected":false},"excerpt":{"rendered":"<p>D\u0259niz da\u015f\u0131malar\u0131 Bizim d\u0259niz logistika xidm\u0259tl\u0259rimiz qlobal ticar\u0259t ehtiyaclar\u0131na uy\u011funla\u015fd\u0131r\u0131lm\u0131\u015f s\u0259m\u0259r\u0259li da\u015f\u0131ma h\u0259ll\u0259rini \u0259hat\u0259 edir. Etibarl\u0131l\u0131\u011fa v\u0259 q\u0259na\u0259tcilliy\u0259 diqq\u0259t yetirm\u0259kl\u0259, d\u0259niz logistikam\u0131z m\u0259hsullar\u0131n d\u00fcnya \u00fczr\u0259 vaxt\u0131nda \u00e7atd\u0131r\u0131lmas\u0131n\u0131 t\u0259min edir.Avtomobil n\u0259qliyyat\u0131ndan tutmu\u015f d\u0259mir yolu logistikas\u0131na q\u0259d\u0259r biz quru n\u0259qliyyat\u0131n\u0131n h\u0259r bir aspektini d\u0259qiqlik v\u0259 t\u0259cr\u00fcb\u0259 il\u0259 idar\u0259 edirik. T\u0259hl\u00fck\u0259sizliy\u0259 v\u0259 davaml\u0131l\u0131\u011fa diqq\u0259t yetirm\u0259kl\u0259, yer\u00fcst\u00fc n\u0259qliyyat \u0259m\u0259liyyatlar\u0131m\u0131z [&hellip;]<\/p>\n","protected":false},"author":1,"featured_media":0,"parent":29,"menu_order":0,"comment_status":"closed","ping_status":"closed","template":"elementor_header_footer","meta":{"footnotes":""},"class_list":["post-2019","page","type-page","status-publish","hentry"],"yoast_head":"<!-- This site is optimized with the Yoast SEO plugin v27.4 - https:\/\/yoast.com\/product\/yoast-seo-wordpress\/ -->\n<title>D\u0259niz da\u015f\u0131malar\u0131 - Mars Transport<\/title>\n<meta name=\"description\" content=\"Deniz dasimalari sahesinde pesekarlasmis komandamizla lazim ola bilecek butun yukleri konteynerler vasitesile dasimasini heyata kecirdirik\" \/>\n<meta name=\"robots\" content=\"index, follow, max-snippet:-1, max-image-preview:large, max-video-preview:-1\" \/>\n<link rel=\"canonical\" href=\"https:\/\/marstransport.az\/ru\/services\/deniz-dasimalari\/\" \/>\n<meta property=\"og:locale\" content=\"ru_RU\" \/>\n<meta property=\"og:type\" content=\"article\" \/>\n<meta property=\"og:title\" content=\"D\u0259niz da\u015f\u0131malar\u0131 - Mars Transport\" \/>\n<meta property=\"og:description\" content=\"Deniz dasimalari sahesinde pesekarlasmis komandamizla lazim ola bilecek butun yukleri konteynerler vasitesile dasimasini heyata kecirdirik\" \/>\n<meta property=\"og:url\" content=\"https:\/\/marstransport.az\/ru\/services\/deniz-dasimalari\/\" \/>\n<meta property=\"og:site_name\" content=\"Mars Transport\" \/>\n<meta property=\"article:modified_time\" content=\"2024-12-25T11:33:46+00:00\" \/>\n<meta property=\"og:image\" content=\"https:\/\/marstransport.az\/wp-content\/uploads\/2024\/08\/slider2-img-1-1024x850.jpg\" \/>\n<meta name=\"twitter:card\" content=\"summary_large_image\" \/>\n<meta name=\"twitter:label1\" content=\"\u041f\u0440\u0438\u043c\u0435\u0440\u043d\u043e\u0435 \u0432\u0440\u0435\u043c\u044f \u0434\u043b\u044f \u0447\u0442\u0435\u043d\u0438\u044f\" \/>\n\t<meta name=\"twitter:data1\" content=\"1 \u043c\u0438\u043d\u0443\u0442\u0430\" \/>\n<script type=\"application\/ld+json\" class=\"yoast-schema-graph\">{\"@context\":\"https:\\\/\\\/schema.org\",\"@graph\":[{\"@type\":\"WebPage\",\"@id\":\"https:\\\/\\\/marstransport.az\\\/services\\\/deniz-dasimalari\\\/\",\"url\":\"https:\\\/\\\/marstransport.az\\\/services\\\/deniz-dasimalari\\\/\",\"name\":\"D\u0259niz da\u015f\u0131malar\u0131 - Mars Transport\",\"isPartOf\":{\"@id\":\"https:\\\/\\\/marstransport.az\\\/#website\"},\"primaryImageOfPage\":{\"@id\":\"https:\\\/\\\/marstransport.az\\\/services\\\/deniz-dasimalari\\\/#primaryimage\"},\"image\":{\"@id\":\"https:\\\/\\\/marstransport.az\\\/services\\\/deniz-dasimalari\\\/#primaryimage\"},\"thumbnailUrl\":\"https:\\\/\\\/marstransport.az\\\/wp-content\\\/uploads\\\/2024\\\/08\\\/slider2-img-1-1024x850.jpg\",\"datePublished\":\"2024-08-14T19:09:54+00:00\",\"dateModified\":\"2024-12-25T11:33:46+00:00\",\"description\":\"Deniz dasimalari sahesinde pesekarlasmis komandamizla lazim ola bilecek butun yukleri konteynerler vasitesile dasimasini heyata kecirdirik\",\"breadcrumb\":{\"@id\":\"https:\\\/\\\/marstransport.az\\\/services\\\/deniz-dasimalari\\\/#breadcrumb\"},\"inLanguage\":\"ru-RU\",\"potentialAction\":[{\"@type\":\"ReadAction\",\"target\":[\"https:\\\/\\\/marstransport.az\\\/services\\\/deniz-dasimalari\\\/\"]}]},{\"@type\":\"ImageObject\",\"inLanguage\":\"ru-RU\",\"@id\":\"https:\\\/\\\/marstransport.az\\\/services\\\/deniz-dasimalari\\\/#primaryimage\",\"url\":\"https:\\\/\\\/marstransport.az\\\/wp-content\\\/uploads\\\/2024\\\/08\\\/slider2-img-1-1024x850.jpg\",\"contentUrl\":\"https:\\\/\\\/marstransport.az\\\/wp-content\\\/uploads\\\/2024\\\/08\\\/slider2-img-1-1024x850.jpg\"},{\"@type\":\"BreadcrumbList\",\"@id\":\"https:\\\/\\\/marstransport.az\\\/services\\\/deniz-dasimalari\\\/#breadcrumb\",\"itemListElement\":[{\"@type\":\"ListItem\",\"position\":1,\"name\":\"Home\",\"item\":\"https:\\\/\\\/marstransport.az\\\/\"},{\"@type\":\"ListItem\",\"position\":2,\"name\":\"Xidm\u0259tl\u0259r\",\"item\":\"https:\\\/\\\/marstransport.az\\\/services\\\/\"},{\"@type\":\"ListItem\",\"position\":3,\"name\":\"D\u0259niz da\u015f\u0131malar\u0131\"}]},{\"@type\":\"WebSite\",\"@id\":\"https:\\\/\\\/marstransport.az\\\/#website\",\"url\":\"https:\\\/\\\/marstransport.az\\\/\",\"name\":\"Mars Transport\",\"description\":\"\",\"publisher\":{\"@id\":\"https:\\\/\\\/marstransport.az\\\/#organization\"},\"potentialAction\":[{\"@type\":\"SearchAction\",\"target\":{\"@type\":\"EntryPoint\",\"urlTemplate\":\"https:\\\/\\\/marstransport.az\\\/?s={search_term_string}\"},\"query-input\":{\"@type\":\"PropertyValueSpecification\",\"valueRequired\":true,\"valueName\":\"search_term_string\"}}],\"inLanguage\":\"ru-RU\"},{\"@type\":\"Organization\",\"@id\":\"https:\\\/\\\/marstransport.az\\\/#organization\",\"name\":\"Mars Transport\",\"url\":\"https:\\\/\\\/marstransport.az\\\/\",\"logo\":{\"@type\":\"ImageObject\",\"inLanguage\":\"ru-RU\",\"@id\":\"https:\\\/\\\/marstransport.az\\\/#\\\/schema\\\/logo\\\/image\\\/\",\"url\":\"https:\\\/\\\/marstransport.az\\\/wp-content\\\/uploads\\\/2024\\\/09\\\/logo-1.png\",\"contentUrl\":\"https:\\\/\\\/marstransport.az\\\/wp-content\\\/uploads\\\/2024\\\/09\\\/logo-1.png\",\"width\":150,\"height\":90,\"caption\":\"Mars Transport\"},\"image\":{\"@id\":\"https:\\\/\\\/marstransport.az\\\/#\\\/schema\\\/logo\\\/image\\\/\"}}]}<\/script>\n<!-- \/ Yoast SEO plugin. -->","yoast_head_json":{"title":"D\u0259niz da\u015f\u0131malar\u0131 - Mars Transport","description":"Deniz dasimalari sahesinde pesekarlasmis komandamizla lazim ola bilecek butun yukleri konteynerler vasitesile dasimasini heyata kecirdirik","robots":{"index":"index","follow":"follow","max-snippet":"max-snippet:-1","max-image-preview":"max-image-preview:large","max-video-preview":"max-video-preview:-1"},"canonical":"https:\/\/marstransport.az\/ru\/services\/deniz-dasimalari\/","og_locale":"ru_RU","og_type":"article","og_title":"D\u0259niz da\u015f\u0131malar\u0131 - Mars Transport","og_description":"Deniz dasimalari sahesinde pesekarlasmis komandamizla lazim ola bilecek butun yukleri konteynerler vasitesile dasimasini heyata kecirdirik","og_url":"https:\/\/marstransport.az\/ru\/services\/deniz-dasimalari\/","og_site_name":"Mars Transport","article_modified_time":"2024-12-25T11:33:46+00:00","og_image":[{"url":"https:\/\/marstransport.az\/wp-content\/uploads\/2024\/08\/slider2-img-1-1024x850.jpg","type":"","width":"","height":""}],"twitter_card":"summary_large_image","twitter_misc":{"\u041f\u0440\u0438\u043c\u0435\u0440\u043d\u043e\u0435 \u0432\u0440\u0435\u043c\u044f \u0434\u043b\u044f \u0447\u0442\u0435\u043d\u0438\u044f":"1 \u043c\u0438\u043d\u0443\u0442\u0430"},"schema":{"@context":"https:\/\/schema.org","@graph":[{"@type":"WebPage","@id":"https:\/\/marstransport.az\/services\/deniz-dasimalari\/","url":"https:\/\/marstransport.az\/services\/deniz-dasimalari\/","name":"D\u0259niz da\u015f\u0131malar\u0131 - Mars Transport","isPartOf":{"@id":"https:\/\/marstransport.az\/#website"},"primaryImageOfPage":{"@id":"https:\/\/marstransport.az\/services\/deniz-dasimalari\/#primaryimage"},"image":{"@id":"https:\/\/marstransport.az\/services\/deniz-dasimalari\/#primaryimage"},"thumbnailUrl":"https:\/\/marstransport.az\/wp-content\/uploads\/2024\/08\/slider2-img-1-1024x850.jpg","datePublished":"2024-08-14T19:09:54+00:00","dateModified":"2024-12-25T11:33:46+00:00","description":"Deniz dasimalari sahesinde pesekarlasmis komandamizla lazim ola bilecek butun yukleri konteynerler vasitesile dasimasini heyata kecirdirik","breadcrumb":{"@id":"https:\/\/marstransport.az\/services\/deniz-dasimalari\/#breadcrumb"},"inLanguage":"ru-RU","potentialAction":[{"@type":"ReadAction","target":["https:\/\/marstransport.az\/services\/deniz-dasimalari\/"]}]},{"@type":"ImageObject","inLanguage":"ru-RU","@id":"https:\/\/marstransport.az\/services\/deniz-dasimalari\/#primaryimage","url":"https:\/\/marstransport.az\/wp-content\/uploads\/2024\/08\/slider2-img-1-1024x850.jpg","contentUrl":"https:\/\/marstransport.az\/wp-content\/uploads\/2024\/08\/slider2-img-1-1024x850.jpg"},{"@type":"BreadcrumbList","@id":"https:\/\/marstransport.az\/services\/deniz-dasimalari\/#breadcrumb","itemListElement":[{"@type":"ListItem","position":1,"name":"Home","item":"https:\/\/marstransport.az\/"},{"@type":"ListItem","position":2,"name":"Xidm\u0259tl\u0259r","item":"https:\/\/marstransport.az\/services\/"},{"@type":"ListItem","position":3,"name":"D\u0259niz da\u015f\u0131malar\u0131"}]},{"@type":"WebSite","@id":"https:\/\/marstransport.az\/#website","url":"https:\/\/marstransport.az\/","name":"\u041c\u0430\u0440\u0441 Transport","description":"","publisher":{"@id":"https:\/\/marstransport.az\/#organization"},"potentialAction":[{"@type":"SearchAction","target":{"@type":"EntryPoint","urlTemplate":"https:\/\/marstransport.az\/?s={search_term_string}"},"query-input":{"@type":"PropertyValueSpecification","valueRequired":true,"valueName":"search_term_string"}}],"inLanguage":"ru-RU"},{"@type":"Organization","@id":"https:\/\/marstransport.az\/#organization","name":"\u041c\u0430\u0440\u0441 Transport","url":"https:\/\/marstransport.az\/","logo":{"@type":"ImageObject","inLanguage":"ru-RU","@id":"https:\/\/marstransport.az\/#\/schema\/logo\/image\/","url":"https:\/\/marstransport.az\/wp-content\/uploads\/2024\/09\/logo-1.png","contentUrl":"https:\/\/marstransport.az\/wp-content\/uploads\/2024\/09\/logo-1.png","width":150,"height":90,"caption":"Mars Transport"},"image":{"@id":"https:\/\/marstransport.az\/#\/schema\/logo\/image\/"}}]}},"_links":{"self":[{"href":"https:\/\/marstransport.az\/ru\/wp-json\/wp\/v2\/pages\/2019","targetHints":{"allow":["GET"]}}],"collection":[{"href":"https:\/\/marstransport.az\/ru\/wp-json\/wp\/v2\/pages"}],"about":[{"href":"https:\/\/marstransport.az\/ru\/wp-json\/wp\/v2\/types\/page"}],"author":[{"embeddable":true,"href":"https:\/\/marstransport.az\/ru\/wp-json\/wp\/v2\/users\/1"}],"replies":[{"embeddable":true,"href":"https:\/\/marstransport.az\/ru\/wp-json\/wp\/v2\/comments?post=2019"}],"version-history":[{"count":3,"href":"https:\/\/marstransport.az\/ru\/wp-json\/wp\/v2\/pages\/2019\/revisions"}],"predecessor-version":[{"id":3123,"href":"https:\/\/marstransport.az\/ru\/wp-json\/wp\/v2\/pages\/2019\/revisions\/3123"}],"up":[{"embeddable":true,"href":"https:\/\/marstransport.az\/ru\/wp-json\/wp\/v2\/pages\/29"}],"wp:attachment":[{"href":"https:\/\/marstransport.az\/ru\/wp-json\/wp\/v2\/media?parent=2019"}],"curies":[{"name":"wp","href":"https:\/\/api.w.org\/{rel}","templated":true}]}}