{"id":2024,"date":"2024-08-14T19:13:11","date_gmt":"2024-08-14T19:13:11","guid":{"rendered":"https:\/\/marstransport.az\/?page_id=2024"},"modified":"2024-08-14T19:21:25","modified_gmt":"2024-08-14T19:21:25","slug":"izleme-sistemi","status":"publish","type":"page","link":"https:\/\/marstransport.az\/ru\/services\/izleme-sistemi\/","title":{"rendered":"\u0421\u0438\u0441\u0442\u0435\u043c\u0430 \u043e\u0442\u0441\u043b\u0435\u0436\u0438\u0432\u0430\u043d\u0438\u044f"},"content":{"rendered":"<div data-elementor-type=\"wp-page\" data-elementor-id=\"2024\" class=\"elementor elementor-2024\" data-elementor-post-type=\"page\">\n\t\t\t\t\t\t<section class=\"elementor-section elementor-top-section elementor-element elementor-element-5dd8828 elementor-section-boxed elementor-section-height-default elementor-section-height-default\" data-id=\"5dd8828\" data-element_type=\"section\" data-e-type=\"section\">\n\t\t\t\t\t\t<div class=\"elementor-container elementor-column-gap-default\">\n\t\t\t\t\t<div class=\"aux-parallax-section elementor-column elementor-col-66 elementor-top-column elementor-element elementor-element-23dff89\" data-id=\"23dff89\" data-element_type=\"column\" data-e-type=\"column\">\n\t\t\t<div class=\"elementor-widget-wrap elementor-element-populated\">\n\t\t\t\t\t\t<div class=\"elementor-element elementor-element-e632b26 elementor-widget elementor-widget-image\" data-id=\"e632b26\" data-element_type=\"widget\" data-e-type=\"widget\" data-widget_type=\"image.default\">\n\t\t\t\t<div class=\"elementor-widget-container\">\n\t\t\t\t\t\t\t\t\t\t\t\t\t\t\t<img fetchpriority=\"high\" decoding=\"async\" width=\"1024\" height=\"684\" src=\"https:\/\/marstransport.az\/wp-content\/uploads\/2024\/08\/9994271205051463768-1.jpg\" class=\"attachment-large size-large wp-image-1788\" alt=\"Y\u00fck konteynerl\u0259rinin izl\u0259nm\u0259si sistemi, t\u0259hl\u00fck\u0259sizlik kameralar\u0131 v\u0259 logistika i\u015f\u00e7isi g\u00fcn bat\u0131m\u0131 fonunda.\" \/>\t\t\t\t\t\t\t\t\t\t\t\t\t\t\t<\/div>\n\t\t\t\t<\/div>\n\t\t\t\t<div class=\"elementor-element elementor-element-270a304 elementor-widget elementor-widget-heading\" data-id=\"270a304\" data-element_type=\"widget\" data-e-type=\"widget\" data-widget_type=\"heading.default\">\n\t\t\t\t<div class=\"elementor-widget-container\">\n\t\t\t\t\t<h2 class=\"elementor-heading-title elementor-size-default\">\u0421\u0438\u0441\u0442\u0435\u043c\u0430 \u043e\u0442\u0441\u043b\u0435\u0436\u0438\u0432\u0430\u043d\u0438\u044f<\/h2>\t\t\t\t<\/div>\n\t\t\t\t<\/div>\n\t\t\t\t<div class=\"elementor-element elementor-element-9763274 elementor-widget elementor-widget-heading\" data-id=\"9763274\" data-element_type=\"widget\" data-e-type=\"widget\" data-widget_type=\"heading.default\">\n\t\t\t\t<div class=\"elementor-widget-container\">\n\t\t\t\t\t<p class=\"elementor-heading-title elementor-size-default\">\u0130zl\u0259m\u0259 sistemi vasit\u0259sil\u0259 logistika prosesinin h\u0259r bir m\u0259rh\u0259l\u0259sind\u0259 da\u015f\u0131nmalar\u0131n yeri v\u0259 statusunun real vaxt rejimind\u0259 g\u00f6r\u00fcnm\u0259sini t\u0259min edir. Bizim izl\u0259m\u0259 sistemimizl\u0259 m\u00fc\u015ft\u0259ril\u0259r \u00e7atd\u0131r\u0131lma c\u0259dv\u0259ll\u0259rinin \u015f\u0259ffafl\u0131\u011f\u0131n\u0131 v\u0259 proaktiv idar\u0259 olunmas\u0131n\u0131 t\u0259min ed\u0259r\u0259k, on-layn yolla g\u00f6nd\u0259ri\u015fl\u0259rin\u0259 n\u0259zar\u0259t ed\u0259 bil\u0259rl\u0259r. \u0130zl\u0259m\u0259 sistemi bizim logistik \u0259m\u0259liyyatlar\u0131m\u0131zla inteqrasiya ed\u0259r\u0259k da\u015f\u0131nma, anbar v\u0259 paylaman\u0131n s\u0259m\u0259r\u0259li koordinasiyas\u0131na imkan verir. Biz mallar\u0131n d\u0259qiq v\u0259 etibarl\u0131 izl\u0259nilm\u0259sini t\u0259min etm\u0259k, t\u0259chizat z\u0259ncirinin s\u0259m\u0259r\u0259liliyini art\u0131rmaq \u00fc\u00e7\u00fcn izl\u0259m\u0259 sistemimizd\u0259 GPS v\u0259 RFID texnologiyalar\u0131ndan istifad\u0259 edirik.Avtomobil n\u0259qliyyat\u0131ndan tutmu\u015f d\u0259mir yolu logistikas\u0131na q\u0259d\u0259r biz quru n\u0259qliyyat\u0131n\u0131n h\u0259r bir aspektini d\u0259qiqlik v\u0259 t\u0259cr\u00fcb\u0259 il\u0259 idar\u0259 edirik. \nT\u0259hl\u00fck\u0259sizliy\u0259 v\u0259 davaml\u0131l\u0131\u011fa diqq\u0259t yetirm\u0259kl\u0259, yer\u00fcst\u00fc n\u0259qliyyat \u0259m\u0259liyyatlar\u0131m\u0131z \u0259n y\u00fcks\u0259k s\u0259naye standartlar\u0131na cavab verir. \n\nQ\u00fcsursuz \u0259laq\u0259 v\u0259 etibarl\u0131 y\u00fckda\u015f\u0131ma xidm\u0259tl\u0259rini t\u0259min ed\u0259n h\u0259rt\u0259r\u0259fli quru n\u0259qliyyat \u015f\u0259b\u0259k\u0259mizi ara\u015fd\u0131r\u0131n.<\/p>\t\t\t\t<\/div>\n\t\t\t\t<\/div>\n\t\t\t\t\t<\/div>\n\t\t<\/div>\n\t\t\t\t<div class=\"aux-parallax-section elementor-column elementor-col-33 elementor-top-column elementor-element elementor-element-883e883\" data-id=\"883e883\" data-element_type=\"column\" data-e-type=\"column\">\n\t\t\t<div class=\"elementor-widget-wrap elementor-element-populated\">\n\t\t\t\t\t\t<section class=\"elementor-section elementor-inner-section elementor-element elementor-element-e325a0d elementor-section-full_width elementor-section-height-default elementor-section-height-default\" data-id=\"e325a0d\" data-element_type=\"section\" data-e-type=\"section\" data-settings=\"{&quot;background_background&quot;:&quot;classic&quot;}\">\n\t\t\t\t\t\t\t<div class=\"elementor-background-overlay\"><\/div>\n\t\t\t\t\t\t\t<div class=\"elementor-container elementor-column-gap-no\">\n\t\t\t\t\t<div class=\"aux-parallax-section elementor-column elementor-col-100 elementor-inner-column elementor-element elementor-element-160c6db\" data-id=\"160c6db\" data-element_type=\"column\" data-e-type=\"column\">\n\t\t\t<div class=\"elementor-widget-wrap elementor-element-populated\">\n\t\t\t\t\t\t<div class=\"elementor-element elementor-element-9eaacad elementor-widget elementor-widget-heading\" data-id=\"9eaacad\" data-element_type=\"widget\" data-e-type=\"widget\" data-widget_type=\"heading.default\">\n\t\t\t\t<div class=\"elementor-widget-container\">\n\t\t\t\t\t<h2 class=\"elementor-heading-title elementor-size-default\">\u041f\u043e\u043b\u0443\u0447\u0438\u0442\u044c \u043f\u0440\u0435\u0434\u043b\u043e\u0436\u0435\u043d\u0438\u0435!<\/h2>\t\t\t\t<\/div>\n\t\t\t\t<\/div>\n\t\t\t\t<div class=\"elementor-element elementor-element-13f50a3 elementor-widget elementor-widget-heading\" data-id=\"13f50a3\" data-element_type=\"widget\" data-e-type=\"widget\" data-widget_type=\"heading.default\">\n\t\t\t\t<div class=\"elementor-widget-container\">\n\t\t\t\t\t<p class=\"elementor-heading-title elementor-size-default\">\u041f\u043e\u0437\u0432\u043e\u043d\u0438\u0442\u0435 \u043d\u0430\u043c, \u043c\u044b \u043f\u0435\u0440\u0435\u0437\u0432\u043e\u043d\u0438\u043c.<\/p>\t\t\t\t<\/div>\n\t\t\t\t<\/div>\n\t\t\t\t<div class=\"elementor-element elementor-element-d52ecfa elementor-position-inline-start elementor-view-default elementor-mobile-position-block-start elementor-widget elementor-widget-icon-box\" data-id=\"d52ecfa\" data-element_type=\"widget\" data-e-type=\"widget\" data-widget_type=\"icon-box.default\">\n\t\t\t\t<div class=\"elementor-widget-container\">\n\t\t\t\t\t\t\t<div class=\"elementor-icon-box-wrapper\">\n\n\t\t\t\t\t\t<div class=\"elementor-icon-box-icon\">\n\t\t\t\t<a href=\"tel:+994552034935\" class=\"elementor-icon\" tabindex=\"-1\">\n\t\t\t\t\t\t\t\t<\/a>\n\t\t\t<\/div>\n\t\t\t\n\t\t\t\t\t\t<div class=\"elementor-icon-box-content\">\n\n\t\t\t\t\n\t\t\t\t\t\t\t\t\t<p class=\"elementor-icon-box-description\">\n\t\t\t\t\t\t+994 55 203 49 35\t\t\t\t\t<\/p>\n\t\t\t\t\n\t\t\t<\/div>\n\t\t\t\n\t\t<\/div>\n\t\t\t\t\t\t<\/div>\n\t\t\t\t<\/div>\n\t\t\t\t\t<\/div>\n\t\t<\/div>\n\t\t\t\t\t<\/div>\n\t\t<\/section>\n\t\t\t\t\t<\/div>\n\t\t<\/div>\n\t\t\t\t\t<\/div>\n\t\t<\/section>\n\t\t\t\t<\/div>","protected":false},"excerpt":{"rendered":"<p>\u0130zl\u0259m\u0259 sistemi \u0130zl\u0259m\u0259 sistemi vasit\u0259sil\u0259 logistika prosesinin h\u0259r bir m\u0259rh\u0259l\u0259sind\u0259 da\u015f\u0131nmalar\u0131n yeri v\u0259 statusunun real vaxt rejimind\u0259 g\u00f6r\u00fcnm\u0259sini t\u0259min edir. Bizim izl\u0259m\u0259 sistemimizl\u0259 m\u00fc\u015ft\u0259ril\u0259r \u00e7atd\u0131r\u0131lma c\u0259dv\u0259ll\u0259rinin \u015f\u0259ffafl\u0131\u011f\u0131n\u0131 v\u0259 proaktiv idar\u0259 olunmas\u0131n\u0131 t\u0259min ed\u0259r\u0259k, on-layn yolla g\u00f6nd\u0259ri\u015fl\u0259rin\u0259 n\u0259zar\u0259t ed\u0259 bil\u0259rl\u0259r. \u0130zl\u0259m\u0259 sistemi bizim logistik \u0259m\u0259liyyatlar\u0131m\u0131zla inteqrasiya ed\u0259r\u0259k da\u015f\u0131nma, anbar v\u0259 paylaman\u0131n s\u0259m\u0259r\u0259li koordinasiyas\u0131na imkan verir. Biz [&hellip;]<\/p>\n","protected":false},"author":1,"featured_media":0,"parent":29,"menu_order":0,"comment_status":"closed","ping_status":"closed","template":"elementor_header_footer","meta":{"footnotes":""},"class_list":["post-2024","page","type-page","status-publish","hentry"],"yoast_head":"<!-- This site is optimized with the Yoast SEO plugin v27.4 - https:\/\/yoast.com\/product\/yoast-seo-wordpress\/ -->\n<title>\u0130zl\u0259m\u0259 sistemi - Mars Transport<\/title>\n<meta name=\"robots\" content=\"index, follow, max-snippet:-1, max-image-preview:large, max-video-preview:-1\" \/>\n<link rel=\"canonical\" href=\"https:\/\/marstransport.az\/ru\/services\/izleme-sistemi\/\" \/>\n<meta property=\"og:locale\" content=\"ru_RU\" \/>\n<meta property=\"og:type\" content=\"article\" \/>\n<meta property=\"og:title\" content=\"\u0130zl\u0259m\u0259 sistemi - Mars Transport\" \/>\n<meta property=\"og:description\" content=\"\u0130zl\u0259m\u0259 sistemi \u0130zl\u0259m\u0259 sistemi vasit\u0259sil\u0259 logistika prosesinin h\u0259r bir m\u0259rh\u0259l\u0259sind\u0259 da\u015f\u0131nmalar\u0131n yeri v\u0259 statusunun real vaxt rejimind\u0259 g\u00f6r\u00fcnm\u0259sini t\u0259min edir. Bizim izl\u0259m\u0259 sistemimizl\u0259 m\u00fc\u015ft\u0259ril\u0259r \u00e7atd\u0131r\u0131lma c\u0259dv\u0259ll\u0259rinin \u015f\u0259ffafl\u0131\u011f\u0131n\u0131 v\u0259 proaktiv idar\u0259 olunmas\u0131n\u0131 t\u0259min ed\u0259r\u0259k, on-layn yolla g\u00f6nd\u0259ri\u015fl\u0259rin\u0259 n\u0259zar\u0259t ed\u0259 bil\u0259rl\u0259r. \u0130zl\u0259m\u0259 sistemi bizim logistik \u0259m\u0259liyyatlar\u0131m\u0131zla inteqrasiya ed\u0259r\u0259k da\u015f\u0131nma, anbar v\u0259 paylaman\u0131n s\u0259m\u0259r\u0259li koordinasiyas\u0131na imkan verir. Biz [&hellip;]\" \/>\n<meta property=\"og:url\" content=\"https:\/\/marstransport.az\/ru\/services\/izleme-sistemi\/\" \/>\n<meta property=\"og:site_name\" content=\"Mars Transport\" \/>\n<meta property=\"article:modified_time\" content=\"2024-08-14T19:21:25+00:00\" \/>\n<meta property=\"og:image\" content=\"https:\/\/marstransport.az\/wp-content\/uploads\/2024\/08\/9994271205051463768-1.jpg\" \/>\n<meta name=\"twitter:card\" content=\"summary_large_image\" \/>\n<meta name=\"twitter:label1\" content=\"\u041f\u0440\u0438\u043c\u0435\u0440\u043d\u043e\u0435 \u0432\u0440\u0435\u043c\u044f \u0434\u043b\u044f \u0447\u0442\u0435\u043d\u0438\u044f\" \/>\n\t<meta name=\"twitter:data1\" content=\"1 \u043c\u0438\u043d\u0443\u0442\u0430\" \/>\n<script type=\"application\/ld+json\" class=\"yoast-schema-graph\">{\"@context\":\"https:\\\/\\\/schema.org\",\"@graph\":[{\"@type\":\"WebPage\",\"@id\":\"https:\\\/\\\/marstransport.az\\\/services\\\/izleme-sistemi\\\/\",\"url\":\"https:\\\/\\\/marstransport.az\\\/services\\\/izleme-sistemi\\\/\",\"name\":\"\u0130zl\u0259m\u0259 sistemi - Mars Transport\",\"isPartOf\":{\"@id\":\"https:\\\/\\\/marstransport.az\\\/#website\"},\"primaryImageOfPage\":{\"@id\":\"https:\\\/\\\/marstransport.az\\\/services\\\/izleme-sistemi\\\/#primaryimage\"},\"image\":{\"@id\":\"https:\\\/\\\/marstransport.az\\\/services\\\/izleme-sistemi\\\/#primaryimage\"},\"thumbnailUrl\":\"https:\\\/\\\/marstransport.az\\\/wp-content\\\/uploads\\\/2024\\\/08\\\/9994271205051463768-1.jpg\",\"datePublished\":\"2024-08-14T19:13:11+00:00\",\"dateModified\":\"2024-08-14T19:21:25+00:00\",\"breadcrumb\":{\"@id\":\"https:\\\/\\\/marstransport.az\\\/services\\\/izleme-sistemi\\\/#breadcrumb\"},\"inLanguage\":\"ru-RU\",\"potentialAction\":[{\"@type\":\"ReadAction\",\"target\":[\"https:\\\/\\\/marstransport.az\\\/services\\\/izleme-sistemi\\\/\"]}]},{\"@type\":\"ImageObject\",\"inLanguage\":\"ru-RU\",\"@id\":\"https:\\\/\\\/marstransport.az\\\/services\\\/izleme-sistemi\\\/#primaryimage\",\"url\":\"https:\\\/\\\/marstransport.az\\\/wp-content\\\/uploads\\\/2024\\\/08\\\/9994271205051463768-1.jpg\",\"contentUrl\":\"https:\\\/\\\/marstransport.az\\\/wp-content\\\/uploads\\\/2024\\\/08\\\/9994271205051463768-1.jpg\"},{\"@type\":\"BreadcrumbList\",\"@id\":\"https:\\\/\\\/marstransport.az\\\/services\\\/izleme-sistemi\\\/#breadcrumb\",\"itemListElement\":[{\"@type\":\"ListItem\",\"position\":1,\"name\":\"Home\",\"item\":\"https:\\\/\\\/marstransport.az\\\/\"},{\"@type\":\"ListItem\",\"position\":2,\"name\":\"Xidm\u0259tl\u0259r\",\"item\":\"https:\\\/\\\/marstransport.az\\\/services\\\/\"},{\"@type\":\"ListItem\",\"position\":3,\"name\":\"\u0130zl\u0259m\u0259 sistemi\"}]},{\"@type\":\"WebSite\",\"@id\":\"https:\\\/\\\/marstransport.az\\\/#website\",\"url\":\"https:\\\/\\\/marstransport.az\\\/\",\"name\":\"Mars Transport\",\"description\":\"\",\"publisher\":{\"@id\":\"https:\\\/\\\/marstransport.az\\\/#organization\"},\"potentialAction\":[{\"@type\":\"SearchAction\",\"target\":{\"@type\":\"EntryPoint\",\"urlTemplate\":\"https:\\\/\\\/marstransport.az\\\/?s={search_term_string}\"},\"query-input\":{\"@type\":\"PropertyValueSpecification\",\"valueRequired\":true,\"valueName\":\"search_term_string\"}}],\"inLanguage\":\"ru-RU\"},{\"@type\":\"Organization\",\"@id\":\"https:\\\/\\\/marstransport.az\\\/#organization\",\"name\":\"Mars Transport\",\"url\":\"https:\\\/\\\/marstransport.az\\\/\",\"logo\":{\"@type\":\"ImageObject\",\"inLanguage\":\"ru-RU\",\"@id\":\"https:\\\/\\\/marstransport.az\\\/#\\\/schema\\\/logo\\\/image\\\/\",\"url\":\"https:\\\/\\\/marstransport.az\\\/wp-content\\\/uploads\\\/2024\\\/09\\\/logo-1.png\",\"contentUrl\":\"https:\\\/\\\/marstransport.az\\\/wp-content\\\/uploads\\\/2024\\\/09\\\/logo-1.png\",\"width\":150,\"height\":90,\"caption\":\"Mars Transport\"},\"image\":{\"@id\":\"https:\\\/\\\/marstransport.az\\\/#\\\/schema\\\/logo\\\/image\\\/\"}}]}<\/script>\n<!-- \/ Yoast SEO plugin. -->","yoast_head_json":{"title":"\u0130zl\u0259m\u0259 sistemi - Mars Transport","robots":{"index":"index","follow":"follow","max-snippet":"max-snippet:-1","max-image-preview":"max-image-preview:large","max-video-preview":"max-video-preview:-1"},"canonical":"https:\/\/marstransport.az\/ru\/services\/izleme-sistemi\/","og_locale":"ru_RU","og_type":"article","og_title":"\u0130zl\u0259m\u0259 sistemi - Mars Transport","og_description":"\u0130zl\u0259m\u0259 sistemi \u0130zl\u0259m\u0259 sistemi vasit\u0259sil\u0259 logistika prosesinin h\u0259r bir m\u0259rh\u0259l\u0259sind\u0259 da\u015f\u0131nmalar\u0131n yeri v\u0259 statusunun real vaxt rejimind\u0259 g\u00f6r\u00fcnm\u0259sini t\u0259min edir. Bizim izl\u0259m\u0259 sistemimizl\u0259 m\u00fc\u015ft\u0259ril\u0259r \u00e7atd\u0131r\u0131lma c\u0259dv\u0259ll\u0259rinin \u015f\u0259ffafl\u0131\u011f\u0131n\u0131 v\u0259 proaktiv idar\u0259 olunmas\u0131n\u0131 t\u0259min ed\u0259r\u0259k, on-layn yolla g\u00f6nd\u0259ri\u015fl\u0259rin\u0259 n\u0259zar\u0259t ed\u0259 bil\u0259rl\u0259r. \u0130zl\u0259m\u0259 sistemi bizim logistik \u0259m\u0259liyyatlar\u0131m\u0131zla inteqrasiya ed\u0259r\u0259k da\u015f\u0131nma, anbar v\u0259 paylaman\u0131n s\u0259m\u0259r\u0259li koordinasiyas\u0131na imkan verir. Biz [&hellip;]","og_url":"https:\/\/marstransport.az\/ru\/services\/izleme-sistemi\/","og_site_name":"Mars Transport","article_modified_time":"2024-08-14T19:21:25+00:00","og_image":[{"url":"https:\/\/marstransport.az\/wp-content\/uploads\/2024\/08\/9994271205051463768-1.jpg","type":"","width":"","height":""}],"twitter_card":"summary_large_image","twitter_misc":{"\u041f\u0440\u0438\u043c\u0435\u0440\u043d\u043e\u0435 \u0432\u0440\u0435\u043c\u044f \u0434\u043b\u044f \u0447\u0442\u0435\u043d\u0438\u044f":"1 \u043c\u0438\u043d\u0443\u0442\u0430"},"schema":{"@context":"https:\/\/schema.org","@graph":[{"@type":"WebPage","@id":"https:\/\/marstransport.az\/services\/izleme-sistemi\/","url":"https:\/\/marstransport.az\/services\/izleme-sistemi\/","name":"\u0130zl\u0259m\u0259 sistemi - Mars Transport","isPartOf":{"@id":"https:\/\/marstransport.az\/#website"},"primaryImageOfPage":{"@id":"https:\/\/marstransport.az\/services\/izleme-sistemi\/#primaryimage"},"image":{"@id":"https:\/\/marstransport.az\/services\/izleme-sistemi\/#primaryimage"},"thumbnailUrl":"https:\/\/marstransport.az\/wp-content\/uploads\/2024\/08\/9994271205051463768-1.jpg","datePublished":"2024-08-14T19:13:11+00:00","dateModified":"2024-08-14T19:21:25+00:00","breadcrumb":{"@id":"https:\/\/marstransport.az\/services\/izleme-sistemi\/#breadcrumb"},"inLanguage":"ru-RU","potentialAction":[{"@type":"ReadAction","target":["https:\/\/marstransport.az\/services\/izleme-sistemi\/"]}]},{"@type":"ImageObject","inLanguage":"ru-RU","@id":"https:\/\/marstransport.az\/services\/izleme-sistemi\/#primaryimage","url":"https:\/\/marstransport.az\/wp-content\/uploads\/2024\/08\/9994271205051463768-1.jpg","contentUrl":"https:\/\/marstransport.az\/wp-content\/uploads\/2024\/08\/9994271205051463768-1.jpg"},{"@type":"BreadcrumbList","@id":"https:\/\/marstransport.az\/services\/izleme-sistemi\/#breadcrumb","itemListElement":[{"@type":"ListItem","position":1,"name":"Home","item":"https:\/\/marstransport.az\/"},{"@type":"ListItem","position":2,"name":"Xidm\u0259tl\u0259r","item":"https:\/\/marstransport.az\/services\/"},{"@type":"ListItem","position":3,"name":"\u0130zl\u0259m\u0259 sistemi"}]},{"@type":"WebSite","@id":"https:\/\/marstransport.az\/#website","url":"https:\/\/marstransport.az\/","name":"\u041c\u0430\u0440\u0441 Transport","description":"","publisher":{"@id":"https:\/\/marstransport.az\/#organization"},"potentialAction":[{"@type":"SearchAction","target":{"@type":"EntryPoint","urlTemplate":"https:\/\/marstransport.az\/?s={search_term_string}"},"query-input":{"@type":"PropertyValueSpecification","valueRequired":true,"valueName":"search_term_string"}}],"inLanguage":"ru-RU"},{"@type":"Organization","@id":"https:\/\/marstransport.az\/#organization","name":"\u041c\u0430\u0440\u0441 Transport","url":"https:\/\/marstransport.az\/","logo":{"@type":"ImageObject","inLanguage":"ru-RU","@id":"https:\/\/marstransport.az\/#\/schema\/logo\/image\/","url":"https:\/\/marstransport.az\/wp-content\/uploads\/2024\/09\/logo-1.png","contentUrl":"https:\/\/marstransport.az\/wp-content\/uploads\/2024\/09\/logo-1.png","width":150,"height":90,"caption":"Mars Transport"},"image":{"@id":"https:\/\/marstransport.az\/#\/schema\/logo\/image\/"}}]}},"_links":{"self":[{"href":"https:\/\/marstransport.az\/ru\/wp-json\/wp\/v2\/pages\/2024","targetHints":{"allow":["GET"]}}],"collection":[{"href":"https:\/\/marstransport.az\/ru\/wp-json\/wp\/v2\/pages"}],"about":[{"href":"https:\/\/marstransport.az\/ru\/wp-json\/wp\/v2\/types\/page"}],"author":[{"embeddable":true,"href":"https:\/\/marstransport.az\/ru\/wp-json\/wp\/v2\/users\/1"}],"replies":[{"embeddable":true,"href":"https:\/\/marstransport.az\/ru\/wp-json\/wp\/v2\/comments?post=2024"}],"version-history":[{"count":0,"href":"https:\/\/marstransport.az\/ru\/wp-json\/wp\/v2\/pages\/2024\/revisions"}],"up":[{"embeddable":true,"href":"https:\/\/marstransport.az\/ru\/wp-json\/wp\/v2\/pages\/29"}],"wp:attachment":[{"href":"https:\/\/marstransport.az\/ru\/wp-json\/wp\/v2\/media?parent=2024"}],"curies":[{"name":"wp","href":"https:\/\/api.w.org\/{rel}","templated":true}]}}