{"id":2215,"date":"2024-08-19T10:20:45","date_gmt":"2024-08-19T10:20:45","guid":{"rendered":"https:\/\/marstransport.az\/register\/"},"modified":"2024-08-20T19:47:36","modified_gmt":"2024-08-20T19:47:36","slug":"register","status":"publish","type":"page","link":"https:\/\/marstransport.az\/ru\/register\/","title":{"rendered":"Qeydiyyat"},"content":{"rendered":"<div class=\"um um-register um-2173\">\n\t<div class=\"um-form\" data-mode=\"register\">\n\t\t<form method=\"post\" action=\"\" data-trp-original-action=\"\">\n\t\t\t<div class=\"um-row _um_row_1\" style=\"margin: 0 0 30px 0;\"><div class=\"um-col-1\"><div  id=\"um_field_2173_user_login\" class=\"um-field um-field-text  um-field-user_login um-field-text um-field-type_text\" data-key=\"user_login\"><div class=\"um-field-label\"><label for=\"user_login-2173\">\u0130stifad\u0259\u00e7i ad\u0131<\/label><div class=\"um-clear\"><\/div><\/div><div class=\"um-field-area\"><input  autocomplete=\"off\" class=\"um-form-field valid\" type=\"text\" name=\"user_login-2173\" id=\"user_login-2173\" value=\"\" placeholder=\"\" data-validate=\"unique_username\" data-key=\"user_login\"  aria-invalid=\"false\" \/>\n\n\t\t\t\t\t\t<\/div><\/div><div  id=\"um_field_2173_first_name\" class=\"um-field um-field-text  um-field-first_name um-field-text um-field-type_text\" data-key=\"first_name\"><div class=\"um-field-label\"><label for=\"first_name-2173\">\u0418\u043c\u044f<\/label><div class=\"um-clear\"><\/div><\/div><div class=\"um-field-area\"><input  autocomplete=\"off\" class=\"um-form-field valid not-required\" type=\"text\" name=\"first_name-2173\" id=\"first_name-2173\" value=\"\" placeholder=\"\" data-validate=\"\" data-key=\"first_name\"  aria-invalid=\"false\" \/>\n\n\t\t\t\t\t\t<\/div><\/div><div  id=\"um_field_2173_last_name\" class=\"um-field um-field-text  um-field-last_name um-field-text um-field-type_text\" data-key=\"last_name\"><div class=\"um-field-label\"><label for=\"last_name-2173\">Soyad\u0131<\/label><div class=\"um-clear\"><\/div><\/div><div class=\"um-field-area\"><input  autocomplete=\"off\" class=\"um-form-field valid not-required\" type=\"text\" name=\"last_name-2173\" id=\"last_name-2173\" value=\"\" placeholder=\"\" data-validate=\"\" data-key=\"last_name\"  aria-invalid=\"false\" \/>\n\n\t\t\t\t\t\t<\/div><\/div><div  id=\"um_field_2173_user_email\" class=\"um-field um-field-text  um-field-user_email um-field-text um-field-type_text\" data-key=\"user_email\"><div class=\"um-field-label\"><label for=\"user_email-2173\">E-po\u00e7t \u00fcnvan\u0131<\/label><div class=\"um-clear\"><\/div><\/div><div class=\"um-field-area\"><input  autocomplete=\"off\" class=\"um-form-field valid not-required\" type=\"text\" name=\"user_email-2173\" id=\"user_email-2173\" value=\"\" placeholder=\"\" data-validate=\"unique_email\" data-key=\"user_email\"  aria-invalid=\"false\" \/>\n\n\t\t\t\t\t\t<\/div><\/div><div  id=\"um_field_2173_user_password\" class=\"um-field um-field-password  um-field-user_password um-field-password um-field-type_password\" data-key=\"user_password\"><div class=\"um-field-label\"><label for=\"user_password-2173\">\u015eifr\u0259<\/label><div class=\"um-clear\"><\/div><\/div><div class=\"um-field-area\"><div class=\"um-field-area-password\">\n\t\t\t\t\t\t\t\t\t<input class=\"um-form-field valid\" type=\"password\" name=\"user_password-2173\" id=\"user_password-2173\" value=\"\" placeholder=\"\" data-validate=\"\" data-key=\"user_password\"  aria-invalid=\"false\" \/>\n\t\t\t\t\t\t\t\t\t<span class=\"um-toggle-password\"><i class=\"um-icon-eye\"><\/i><\/span>\n\t\t\t\t\t\t\t\t<\/div>\n\t\t\t\t\t\t\t<\/div><\/div><div  id=\"um_field_2173_confirm_user_password\" class=\"um-field um-field-password  um-field-user_password um-field-password um-field-type_password\" data-key=\"confirm_user_password\"><div class=\"um-field-label\"><label for=\"confirm_user_password-2173\">\u015eifr\u0259 t\u0259sdiq edin<\/label><div class=\"um-clear\"><\/div><\/div><div class=\"um-field-area\"><div class=\"um-field-area-password\"><input class=\"um-form-field valid\" type=\"password\" name=\"confirm_user_password-2173\" id=\"confirm_user_password-2173\" value=\"\" placeholder=\"\u015eifr\u0259 t\u0259sdiq edin\" data-validate=\"\" data-key=\"confirm_user_password\"  aria-invalid=\"false\" \/><span class=\"um-toggle-password\"><i class=\"um-icon-eye\"><\/i><\/span><\/div><\/div><\/div><\/div><\/div>\t<input type=\"hidden\" name=\"form_id\" id=\"form_id_2173\" value=\"2173\" \/>\n\t\t<p class=\"um_request_name\">\n\t\t<label for=\"um_request_2173\">Only fill in if you are not human<\/label>\n\t\t<input type=\"hidden\" name=\"um_request\" id=\"um_request_2173\" class=\"input\" value=\"\" size=\"25\" autocomplete=\"off\" \/>\n\t<\/p>\n\t<input type=\"hidden\" id=\"_wpnonce\" name=\"_wpnonce\" value=\"422a0a9792\" \/><input type=\"hidden\" name=\"_wp_http_referer\" value=\"\/ru\/wp-json\/wp\/v2\/pages\/2215\" \/>\n\t<div class=\"um-col-alt\">\n\n\t\t\n\t\t\t<div class=\"um-left um-half\">\n\t\t\t\t<input type=\"submit\" value=\"Qeydiyyatdan ke\u00e7in\" class=\"um-button\" id=\"um-submit-btn\" \/>\n\t\t\t<\/div>\n\t\t\t<div class=\"um-right um-half\">\n\t\t\t\t<a href=\"https:\/\/marstransport.az\/ru\/log-in\/\" class=\"um-button um-alt\">\n\t\t\t\t\t\u0412\u043e\u0439\u0442\u0438\t\t\t\t<\/a>\n\t\t\t<\/div>\n\n\t\t\n\t\t<div class=\"um-clear\"><\/div>\n\n\t<\/div>\n\n\t\t\t<input type=\"hidden\" name=\"trp-form-language\" value=\"ru\"\/><\/form>\n\t<\/div>\n<\/div>\n<style>\n\t\t\t.um-2173.um {\n\t\t\tmax-width: 450px;\n\t\t}\n\t\t<\/style>","protected":false},"excerpt":{"rendered":"","protected":false},"author":1,"featured_media":0,"parent":0,"menu_order":0,"comment_status":"closed","ping_status":"closed","template":"","meta":{"footnotes":""},"class_list":["post-2215","page","type-page","status-publish","hentry"],"yoast_head":"<!-- This site is optimized with the Yoast SEO plugin v27.3 - https:\/\/yoast.com\/product\/yoast-seo-wordpress\/ -->\n<title>Qeydiyyat - Mars Transport<\/title>\n<meta name=\"robots\" content=\"index, follow, max-snippet:-1, max-image-preview:large, max-video-preview:-1\" \/>\n<link rel=\"canonical\" href=\"https:\/\/marstransport.az\/ru\/register\/\" \/>\n<meta property=\"og:locale\" content=\"ru_RU\" \/>\n<meta property=\"og:type\" content=\"article\" \/>\n<meta property=\"og:title\" content=\"Qeydiyyat - Mars Transport\" \/>\n<meta property=\"og:url\" content=\"https:\/\/marstransport.az\/ru\/register\/\" \/>\n<meta property=\"og:site_name\" content=\"Mars Transport\" \/>\n<meta property=\"article:modified_time\" content=\"2024-08-20T19:47:36+00:00\" \/>\n<meta name=\"twitter:card\" content=\"summary_large_image\" \/>\n<script type=\"application\/ld+json\" class=\"yoast-schema-graph\">{\"@context\":\"https:\\\/\\\/schema.org\",\"@graph\":[{\"@type\":\"WebPage\",\"@id\":\"https:\\\/\\\/marstransport.az\\\/register\\\/\",\"url\":\"https:\\\/\\\/marstransport.az\\\/register\\\/\",\"name\":\"Qeydiyyat - Mars Transport\",\"isPartOf\":{\"@id\":\"https:\\\/\\\/marstransport.az\\\/#website\"},\"datePublished\":\"2024-08-19T10:20:45+00:00\",\"dateModified\":\"2024-08-20T19:47:36+00:00\",\"breadcrumb\":{\"@id\":\"https:\\\/\\\/marstransport.az\\\/register\\\/#breadcrumb\"},\"inLanguage\":\"ru-RU\",\"potentialAction\":[{\"@type\":\"ReadAction\",\"target\":[\"https:\\\/\\\/marstransport.az\\\/register\\\/\"]}]},{\"@type\":\"BreadcrumbList\",\"@id\":\"https:\\\/\\\/marstransport.az\\\/register\\\/#breadcrumb\",\"itemListElement\":[{\"@type\":\"ListItem\",\"position\":1,\"name\":\"Home\",\"item\":\"https:\\\/\\\/marstransport.az\\\/\"},{\"@type\":\"ListItem\",\"position\":2,\"name\":\"Qeydiyyat\"}]},{\"@type\":\"WebSite\",\"@id\":\"https:\\\/\\\/marstransport.az\\\/#website\",\"url\":\"https:\\\/\\\/marstransport.az\\\/\",\"name\":\"Mars Transport\",\"description\":\"\",\"publisher\":{\"@id\":\"https:\\\/\\\/marstransport.az\\\/#organization\"},\"potentialAction\":[{\"@type\":\"SearchAction\",\"target\":{\"@type\":\"EntryPoint\",\"urlTemplate\":\"https:\\\/\\\/marstransport.az\\\/?s={search_term_string}\"},\"query-input\":{\"@type\":\"PropertyValueSpecification\",\"valueRequired\":true,\"valueName\":\"search_term_string\"}}],\"inLanguage\":\"ru-RU\"},{\"@type\":\"Organization\",\"@id\":\"https:\\\/\\\/marstransport.az\\\/#organization\",\"name\":\"Mars Transport\",\"url\":\"https:\\\/\\\/marstransport.az\\\/\",\"logo\":{\"@type\":\"ImageObject\",\"inLanguage\":\"ru-RU\",\"@id\":\"https:\\\/\\\/marstransport.az\\\/#\\\/schema\\\/logo\\\/image\\\/\",\"url\":\"https:\\\/\\\/marstransport.az\\\/wp-content\\\/uploads\\\/2024\\\/09\\\/logo-1.png\",\"contentUrl\":\"https:\\\/\\\/marstransport.az\\\/wp-content\\\/uploads\\\/2024\\\/09\\\/logo-1.png\",\"width\":150,\"height\":90,\"caption\":\"Mars Transport\"},\"image\":{\"@id\":\"https:\\\/\\\/marstransport.az\\\/#\\\/schema\\\/logo\\\/image\\\/\"}}]}<\/script>\n<!-- \/ Yoast SEO plugin. -->","yoast_head_json":{"title":"Qeydiyyat - Mars Transport","robots":{"index":"index","follow":"follow","max-snippet":"max-snippet:-1","max-image-preview":"max-image-preview:large","max-video-preview":"max-video-preview:-1"},"canonical":"https:\/\/marstransport.az\/ru\/register\/","og_locale":"ru_RU","og_type":"article","og_title":"Qeydiyyat - Mars Transport","og_url":"https:\/\/marstransport.az\/ru\/register\/","og_site_name":"Mars Transport","article_modified_time":"2024-08-20T19:47:36+00:00","twitter_card":"summary_large_image","schema":{"@context":"https:\/\/schema.org","@graph":[{"@type":"WebPage","@id":"https:\/\/marstransport.az\/register\/","url":"https:\/\/marstransport.az\/register\/","name":"Qeydiyyat - Mars Transport","isPartOf":{"@id":"https:\/\/marstransport.az\/#website"},"datePublished":"2024-08-19T10:20:45+00:00","dateModified":"2024-08-20T19:47:36+00:00","breadcrumb":{"@id":"https:\/\/marstransport.az\/register\/#breadcrumb"},"inLanguage":"ru-RU","potentialAction":[{"@type":"ReadAction","target":["https:\/\/marstransport.az\/register\/"]}]},{"@type":"BreadcrumbList","@id":"https:\/\/marstransport.az\/register\/#breadcrumb","itemListElement":[{"@type":"ListItem","position":1,"name":"Home","item":"https:\/\/marstransport.az\/"},{"@type":"ListItem","position":2,"name":"Qeydiyyat"}]},{"@type":"WebSite","@id":"https:\/\/marstransport.az\/#website","url":"https:\/\/marstransport.az\/","name":"\u041c\u0430\u0440\u0441 Transport","description":"","publisher":{"@id":"https:\/\/marstransport.az\/#organization"},"potentialAction":[{"@type":"SearchAction","target":{"@type":"EntryPoint","urlTemplate":"https:\/\/marstransport.az\/?s={search_term_string}"},"query-input":{"@type":"PropertyValueSpecification","valueRequired":true,"valueName":"search_term_string"}}],"inLanguage":"ru-RU"},{"@type":"Organization","@id":"https:\/\/marstransport.az\/#organization","name":"\u041c\u0430\u0440\u0441 Transport","url":"https:\/\/marstransport.az\/","logo":{"@type":"ImageObject","inLanguage":"ru-RU","@id":"https:\/\/marstransport.az\/#\/schema\/logo\/image\/","url":"https:\/\/marstransport.az\/wp-content\/uploads\/2024\/09\/logo-1.png","contentUrl":"https:\/\/marstransport.az\/wp-content\/uploads\/2024\/09\/logo-1.png","width":150,"height":90,"caption":"Mars Transport"},"image":{"@id":"https:\/\/marstransport.az\/#\/schema\/logo\/image\/"}}]}},"_links":{"self":[{"href":"https:\/\/marstransport.az\/ru\/wp-json\/wp\/v2\/pages\/2215","targetHints":{"allow":["GET"]}}],"collection":[{"href":"https:\/\/marstransport.az\/ru\/wp-json\/wp\/v2\/pages"}],"about":[{"href":"https:\/\/marstransport.az\/ru\/wp-json\/wp\/v2\/types\/page"}],"author":[{"embeddable":true,"href":"https:\/\/marstransport.az\/ru\/wp-json\/wp\/v2\/users\/1"}],"replies":[{"embeddable":true,"href":"https:\/\/marstransport.az\/ru\/wp-json\/wp\/v2\/comments?post=2215"}],"version-history":[{"count":0,"href":"https:\/\/marstransport.az\/ru\/wp-json\/wp\/v2\/pages\/2215\/revisions"}],"wp:attachment":[{"href":"https:\/\/marstransport.az\/ru\/wp-json\/wp\/v2\/media?parent=2215"}],"curies":[{"name":"wp","href":"https:\/\/api.w.org\/{rel}","templated":true}]}}