{"id":32,"date":"2023-12-08T18:02:47","date_gmt":"2023-12-08T18:02:47","guid":{"rendered":"https:\/\/byteflows.net\/wp\/transpi\/?page_id=32"},"modified":"2024-12-27T12:21:35","modified_gmt":"2024-12-27T12:21:35","slug":"mars-transport-layiheleri","status":"publish","type":"page","link":"https:\/\/marstransport.az\/ru\/mars-transport-layiheleri\/","title":{"rendered":"\u041f\u0440\u043e\u0435\u043a\u0442\u044b"},"content":{"rendered":"<div data-elementor-type=\"wp-page\" data-elementor-id=\"32\" class=\"elementor elementor-32\" data-elementor-post-type=\"page\">\n\t\t\t\t\t\t<section class=\"elementor-section elementor-top-section elementor-element elementor-element-67f7de3 elementor-section-boxed elementor-section-height-default elementor-section-height-default\" data-id=\"67f7de3\" data-element_type=\"section\" data-e-type=\"section\">\n\t\t\t\t\t\t<div class=\"elementor-container elementor-column-gap-default\">\n\t\t\t\t\t<div class=\"aux-parallax-section elementor-column elementor-col-100 elementor-top-column elementor-element elementor-element-f018ff8\" data-id=\"f018ff8\" data-element_type=\"column\" data-e-type=\"column\">\n\t\t\t<div class=\"elementor-widget-wrap\">\n\t\t\t\t\t\t\t<\/div>\n\t\t<\/div>\n\t\t\t\t\t<\/div>\n\t\t<\/section>\n\t\t\t\t<section class=\"elementor-section elementor-top-section elementor-element elementor-element-06f5e4d elementor-section-boxed elementor-section-height-default elementor-section-height-default\" data-id=\"06f5e4d\" data-element_type=\"section\" data-e-type=\"section\">\n\t\t\t\t\t\t<div class=\"elementor-container elementor-column-gap-default\">\n\t\t\t\t\t<div class=\"aux-parallax-section elementor-column elementor-col-100 elementor-top-column elementor-element elementor-element-2ef3345\" data-id=\"2ef3345\" data-element_type=\"column\" data-e-type=\"column\">\n\t\t\t<div class=\"elementor-widget-wrap elementor-element-populated\">\n\t\t\t\t\t\t<div class=\"elementor-element elementor-element-009bcf3 elementor-widget__width-initial elementor-grid-3 elementor-grid-tablet-2 elementor-grid-mobile-1 elementor-posts--thumbnail-top elementor-widget elementor-widget-posts\" data-id=\"009bcf3\" data-element_type=\"widget\" data-e-type=\"widget\" data-settings=\"{&quot;classic_columns&quot;:&quot;3&quot;,&quot;classic_columns_tablet&quot;:&quot;2&quot;,&quot;classic_columns_mobile&quot;:&quot;1&quot;,&quot;classic_row_gap&quot;:{&quot;unit&quot;:&quot;px&quot;,&quot;size&quot;:35,&quot;sizes&quot;:[]},&quot;classic_row_gap_tablet&quot;:{&quot;unit&quot;:&quot;px&quot;,&quot;size&quot;:&quot;&quot;,&quot;sizes&quot;:[]},&quot;classic_row_gap_mobile&quot;:{&quot;unit&quot;:&quot;px&quot;,&quot;size&quot;:&quot;&quot;,&quot;sizes&quot;:[]}}\" data-widget_type=\"posts.classic\">\n\t\t\t\t<div class=\"elementor-widget-container\">\n\t\t\t\t\t\t\t<div class=\"elementor-posts-container elementor-posts elementor-posts--skin-classic elementor-grid\" role=\"list\">\n\t\t\t\t<article class=\"elementor-post elementor-grid-item post-1115 page type-page status-publish has-post-thumbnail hentry\" role=\"listitem\">\n\t\t\t\t<a class=\"elementor-post__thumbnail__link\" href=\"https:\/\/marstransport.az\/ru\/mars-transport-layiheleri\/socar\/\" tabindex=\"-1\" >\n\t\t\t<div class=\"elementor-post__thumbnail\"><img fetchpriority=\"high\" decoding=\"async\" width=\"1024\" height=\"525\" src=\"https:\/\/marstransport.az\/wp-content\/uploads\/2024\/08\/5352601534417554171.jpg\" class=\"attachment-full size-full wp-image-2280\" alt=\"SOCAR \u00fc\u00e7\u00fcn da\u015f\u0131nma xidm\u0259ti - Mars Transport-un u\u011furlu layih\u0259si\" \/><\/div>\n\t\t<\/a>\n\t\t\t\t<div class=\"elementor-post__text\">\n\t\t\t\t<h3 class=\"elementor-post__title\">\n\t\t\t<a href=\"https:\/\/marstransport.az\/ru\/mars-transport-layiheleri\/socar\/\" >\n\t\t\t\tSocar\t\t\t<\/a>\n\t\t<\/h3>\n\t\t\t\t<\/div>\n\t\t\t\t<\/article>\n\t\t\t\t<article class=\"elementor-post elementor-grid-item post-2300 page type-page status-publish has-post-thumbnail hentry\" role=\"listitem\">\n\t\t\t\t<a class=\"elementor-post__thumbnail__link\" href=\"https:\/\/marstransport.az\/ru\/mars-transport-layiheleri\/baki-konqres-m%c9%99rk%c9%99zi\/\" tabindex=\"-1\" >\n\t\t\t<div class=\"elementor-post__thumbnail\"><img decoding=\"async\" width=\"1024\" height=\"525\" src=\"https:\/\/marstransport.az\/wp-content\/uploads\/2024\/08\/6703214091722037602.jpg\" class=\"attachment-full size-full wp-image-2302\" alt=\"\" \/><\/div>\n\t\t<\/a>\n\t\t\t\t<div class=\"elementor-post__text\">\n\t\t\t\t<h3 class=\"elementor-post__title\">\n\t\t\t<a href=\"https:\/\/marstransport.az\/ru\/mars-transport-layiheleri\/baki-konqres-m%c9%99rk%c9%99zi\/\" >\n\t\t\t\t\u0411\u0430\u043a\u0443 \u041a\u043e\u043d\u0433\u0440\u0435\u0441\u0441 \u0426\u0435\u043d\u0442\u0440\t\t\t<\/a>\n\t\t<\/h3>\n\t\t\t\t<\/div>\n\t\t\t\t<\/article>\n\t\t\t\t<article class=\"elementor-post elementor-grid-item post-2306 page type-page status-publish has-post-thumbnail hentry\" role=\"listitem\">\n\t\t\t\t<a class=\"elementor-post__thumbnail__link\" href=\"https:\/\/marstransport.az\/ru\/mars-transport-layiheleri\/d%c9%99nizk%c9%99nari-bulvar-idar%c9%99si\/\" tabindex=\"-1\" >\n\t\t\t<div class=\"elementor-post__thumbnail\"><img decoding=\"async\" width=\"1024\" height=\"525\" src=\"https:\/\/marstransport.az\/wp-content\/uploads\/2024\/08\/6163768266271151895.jpg\" class=\"attachment-full size-full wp-image-2307\" alt=\"Bak\u0131 Bulvar\u0131 v\u0259 Alov Q\u00fcll\u0259l\u0259ri il\u0259 Mars Transport layih\u0259si\" \/><\/div>\n\t\t<\/a>\n\t\t\t\t<div class=\"elementor-post__text\">\n\t\t\t\t<h3 class=\"elementor-post__title\">\n\t\t\t<a href=\"https:\/\/marstransport.az\/ru\/mars-transport-layiheleri\/d%c9%99nizk%c9%99nari-bulvar-idar%c9%99si\/\" >\n\t\t\t\t\u0423\u043f\u0440\u0430\u0432\u043b\u0435\u043d\u0438\u0435 \u041f\u0440\u0438\u043c\u043e\u0440\u0441\u043a\u043e\u0433\u043e \u0411\u0443\u043b\u044c\u0432\u0430\u0440\u0430\t\t\t<\/a>\n\t\t<\/h3>\n\t\t\t\t<\/div>\n\t\t\t\t<\/article>\n\t\t\t\t<article class=\"elementor-post elementor-grid-item post-2312 page type-page status-publish has-post-thumbnail hentry\" role=\"listitem\">\n\t\t\t\t<a class=\"elementor-post__thumbnail__link\" href=\"https:\/\/marstransport.az\/ru\/mars-transport-layiheleri\/marxal-resort-and-spa-hotel\/\" tabindex=\"-1\" >\n\t\t\t<div class=\"elementor-post__thumbnail\"><img loading=\"lazy\" decoding=\"async\" width=\"1024\" height=\"525\" src=\"https:\/\/marstransport.az\/wp-content\/uploads\/2024\/08\/9451984843402561939.jpg\" class=\"attachment-full size-full wp-image-2313\" alt=\"\" \/><\/div>\n\t\t<\/a>\n\t\t\t\t<div class=\"elementor-post__text\">\n\t\t\t\t<h3 class=\"elementor-post__title\">\n\t\t\t<a href=\"https:\/\/marstransport.az\/ru\/mars-transport-layiheleri\/marxal-resort-and-spa-hotel\/\" >\n\t\t\t\tMarxal Resort and Spa Hotel\t\t\t<\/a>\n\t\t<\/h3>\n\t\t\t\t<\/div>\n\t\t\t\t<\/article>\n\t\t\t\t<\/div>\n\t\t\n\t\t\t\t\t\t<\/div>\n\t\t\t\t<\/div>\n\t\t\t\t\t<\/div>\n\t\t<\/div>\n\t\t\t\t\t<\/div>\n\t\t<\/section>\n\t\t\t\t<\/div>","protected":false},"excerpt":{"rendered":"","protected":false},"author":1,"featured_media":0,"parent":0,"menu_order":0,"comment_status":"closed","ping_status":"closed","template":"","meta":{"footnotes":""},"class_list":["post-32","page","type-page","status-publish","hentry"],"yoast_head":"<!-- This site is optimized with the Yoast SEO plugin v27.3 - https:\/\/yoast.com\/product\/yoast-seo-wordpress\/ -->\n<title>Layih\u0259l\u0259r - Mars Transport<\/title>\n<meta name=\"description\" content=\"Mars Transport-un u\u011furla tamamlanm\u0131\u015f layih\u0259l\u0259ri il\u0259 tan\u0131\u015f olun! \u00c7in v\u0259 Avropadan Az\u0259rbaycana beyn\u0259lxalq y\u00fck da\u015f\u0131malar\u0131n\u0131 etibarl\u0131 \u015f\u0259kild\u0259 h\u0259yata ke\u00e7iririk.\" \/>\n<meta name=\"robots\" content=\"index, follow, max-snippet:-1, max-image-preview:large, max-video-preview:-1\" \/>\n<link rel=\"canonical\" href=\"https:\/\/marstransport.az\/ru\/mars-transport-layiheleri\/\" \/>\n<meta property=\"og:locale\" content=\"ru_RU\" \/>\n<meta property=\"og:type\" content=\"article\" \/>\n<meta property=\"og:title\" content=\"Layih\u0259l\u0259r - Mars Transport\" \/>\n<meta property=\"og:description\" content=\"Mars Transport-un u\u011furla tamamlanm\u0131\u015f layih\u0259l\u0259ri il\u0259 tan\u0131\u015f olun! \u00c7in v\u0259 Avropadan Az\u0259rbaycana beyn\u0259lxalq y\u00fck da\u015f\u0131malar\u0131n\u0131 etibarl\u0131 \u015f\u0259kild\u0259 h\u0259yata ke\u00e7iririk.\" \/>\n<meta property=\"og:url\" content=\"https:\/\/marstransport.az\/ru\/mars-transport-layiheleri\/\" \/>\n<meta property=\"og:site_name\" content=\"Mars Transport\" \/>\n<meta property=\"article:modified_time\" content=\"2024-12-27T12:21:35+00:00\" \/>\n<meta name=\"twitter:card\" content=\"summary_large_image\" \/>\n<script type=\"application\/ld+json\" class=\"yoast-schema-graph\">{\"@context\":\"https:\\\/\\\/schema.org\",\"@graph\":[{\"@type\":\"WebPage\",\"@id\":\"https:\\\/\\\/marstransport.az\\\/mars-transport-layiheleri\\\/\",\"url\":\"https:\\\/\\\/marstransport.az\\\/mars-transport-layiheleri\\\/\",\"name\":\"Layih\u0259l\u0259r - Mars Transport\",\"isPartOf\":{\"@id\":\"https:\\\/\\\/marstransport.az\\\/#website\"},\"datePublished\":\"2023-12-08T18:02:47+00:00\",\"dateModified\":\"2024-12-27T12:21:35+00:00\",\"description\":\"Mars Transport-un u\u011furla tamamlanm\u0131\u015f layih\u0259l\u0259ri il\u0259 tan\u0131\u015f olun! \u00c7in v\u0259 Avropadan Az\u0259rbaycana beyn\u0259lxalq y\u00fck da\u015f\u0131malar\u0131n\u0131 etibarl\u0131 \u015f\u0259kild\u0259 h\u0259yata ke\u00e7iririk.\",\"breadcrumb\":{\"@id\":\"https:\\\/\\\/marstransport.az\\\/mars-transport-layiheleri\\\/#breadcrumb\"},\"inLanguage\":\"ru-RU\",\"potentialAction\":[{\"@type\":\"ReadAction\",\"target\":[\"https:\\\/\\\/marstransport.az\\\/mars-transport-layiheleri\\\/\"]}]},{\"@type\":\"BreadcrumbList\",\"@id\":\"https:\\\/\\\/marstransport.az\\\/mars-transport-layiheleri\\\/#breadcrumb\",\"itemListElement\":[{\"@type\":\"ListItem\",\"position\":1,\"name\":\"Home\",\"item\":\"https:\\\/\\\/marstransport.az\\\/\"},{\"@type\":\"ListItem\",\"position\":2,\"name\":\"Layih\u0259l\u0259r\"}]},{\"@type\":\"WebSite\",\"@id\":\"https:\\\/\\\/marstransport.az\\\/#website\",\"url\":\"https:\\\/\\\/marstransport.az\\\/\",\"name\":\"Mars Transport\",\"description\":\"\",\"publisher\":{\"@id\":\"https:\\\/\\\/marstransport.az\\\/#organization\"},\"potentialAction\":[{\"@type\":\"SearchAction\",\"target\":{\"@type\":\"EntryPoint\",\"urlTemplate\":\"https:\\\/\\\/marstransport.az\\\/?s={search_term_string}\"},\"query-input\":{\"@type\":\"PropertyValueSpecification\",\"valueRequired\":true,\"valueName\":\"search_term_string\"}}],\"inLanguage\":\"ru-RU\"},{\"@type\":\"Organization\",\"@id\":\"https:\\\/\\\/marstransport.az\\\/#organization\",\"name\":\"Mars Transport\",\"url\":\"https:\\\/\\\/marstransport.az\\\/\",\"logo\":{\"@type\":\"ImageObject\",\"inLanguage\":\"ru-RU\",\"@id\":\"https:\\\/\\\/marstransport.az\\\/#\\\/schema\\\/logo\\\/image\\\/\",\"url\":\"https:\\\/\\\/marstransport.az\\\/wp-content\\\/uploads\\\/2024\\\/09\\\/logo-1.png\",\"contentUrl\":\"https:\\\/\\\/marstransport.az\\\/wp-content\\\/uploads\\\/2024\\\/09\\\/logo-1.png\",\"width\":150,\"height\":90,\"caption\":\"Mars Transport\"},\"image\":{\"@id\":\"https:\\\/\\\/marstransport.az\\\/#\\\/schema\\\/logo\\\/image\\\/\"}}]}<\/script>\n<!-- \/ Yoast SEO plugin. -->","yoast_head_json":{"title":"Layih\u0259l\u0259r - Mars Transport","description":"Mars Transport-un u\u011furla tamamlanm\u0131\u015f layih\u0259l\u0259ri il\u0259 tan\u0131\u015f olun! \u00c7in v\u0259 Avropadan Az\u0259rbaycana beyn\u0259lxalq y\u00fck da\u015f\u0131malar\u0131n\u0131 etibarl\u0131 \u015f\u0259kild\u0259 h\u0259yata ke\u00e7iririk.","robots":{"index":"index","follow":"follow","max-snippet":"max-snippet:-1","max-image-preview":"max-image-preview:large","max-video-preview":"max-video-preview:-1"},"canonical":"https:\/\/marstransport.az\/ru\/mars-transport-layiheleri\/","og_locale":"ru_RU","og_type":"article","og_title":"Layih\u0259l\u0259r - Mars Transport","og_description":"Mars Transport-un u\u011furla tamamlanm\u0131\u015f layih\u0259l\u0259ri il\u0259 tan\u0131\u015f olun! \u00c7in v\u0259 Avropadan Az\u0259rbaycana beyn\u0259lxalq y\u00fck da\u015f\u0131malar\u0131n\u0131 etibarl\u0131 \u015f\u0259kild\u0259 h\u0259yata ke\u00e7iririk.","og_url":"https:\/\/marstransport.az\/ru\/mars-transport-layiheleri\/","og_site_name":"Mars Transport","article_modified_time":"2024-12-27T12:21:35+00:00","twitter_card":"summary_large_image","schema":{"@context":"https:\/\/schema.org","@graph":[{"@type":"WebPage","@id":"https:\/\/marstransport.az\/mars-transport-layiheleri\/","url":"https:\/\/marstransport.az\/mars-transport-layiheleri\/","name":"Layih\u0259l\u0259r - Mars Transport","isPartOf":{"@id":"https:\/\/marstransport.az\/#website"},"datePublished":"2023-12-08T18:02:47+00:00","dateModified":"2024-12-27T12:21:35+00:00","description":"Mars Transport-un u\u011furla tamamlanm\u0131\u015f layih\u0259l\u0259ri il\u0259 tan\u0131\u015f olun! \u00c7in v\u0259 Avropadan Az\u0259rbaycana beyn\u0259lxalq y\u00fck da\u015f\u0131malar\u0131n\u0131 etibarl\u0131 \u015f\u0259kild\u0259 h\u0259yata ke\u00e7iririk.","breadcrumb":{"@id":"https:\/\/marstransport.az\/mars-transport-layiheleri\/#breadcrumb"},"inLanguage":"ru-RU","potentialAction":[{"@type":"ReadAction","target":["https:\/\/marstransport.az\/mars-transport-layiheleri\/"]}]},{"@type":"BreadcrumbList","@id":"https:\/\/marstransport.az\/mars-transport-layiheleri\/#breadcrumb","itemListElement":[{"@type":"ListItem","position":1,"name":"Home","item":"https:\/\/marstransport.az\/"},{"@type":"ListItem","position":2,"name":"Layih\u0259l\u0259r"}]},{"@type":"WebSite","@id":"https:\/\/marstransport.az\/#website","url":"https:\/\/marstransport.az\/","name":"\u041c\u0430\u0440\u0441 Transport","description":"","publisher":{"@id":"https:\/\/marstransport.az\/#organization"},"potentialAction":[{"@type":"SearchAction","target":{"@type":"EntryPoint","urlTemplate":"https:\/\/marstransport.az\/?s={search_term_string}"},"query-input":{"@type":"PropertyValueSpecification","valueRequired":true,"valueName":"search_term_string"}}],"inLanguage":"ru-RU"},{"@type":"Organization","@id":"https:\/\/marstransport.az\/#organization","name":"\u041c\u0430\u0440\u0441 Transport","url":"https:\/\/marstransport.az\/","logo":{"@type":"ImageObject","inLanguage":"ru-RU","@id":"https:\/\/marstransport.az\/#\/schema\/logo\/image\/","url":"https:\/\/marstransport.az\/wp-content\/uploads\/2024\/09\/logo-1.png","contentUrl":"https:\/\/marstransport.az\/wp-content\/uploads\/2024\/09\/logo-1.png","width":150,"height":90,"caption":"Mars Transport"},"image":{"@id":"https:\/\/marstransport.az\/#\/schema\/logo\/image\/"}}]}},"_links":{"self":[{"href":"https:\/\/marstransport.az\/ru\/wp-json\/wp\/v2\/pages\/32","targetHints":{"allow":["GET"]}}],"collection":[{"href":"https:\/\/marstransport.az\/ru\/wp-json\/wp\/v2\/pages"}],"about":[{"href":"https:\/\/marstransport.az\/ru\/wp-json\/wp\/v2\/types\/page"}],"author":[{"embeddable":true,"href":"https:\/\/marstransport.az\/ru\/wp-json\/wp\/v2\/users\/1"}],"replies":[{"embeddable":true,"href":"https:\/\/marstransport.az\/ru\/wp-json\/wp\/v2\/comments?post=32"}],"version-history":[{"count":3,"href":"https:\/\/marstransport.az\/ru\/wp-json\/wp\/v2\/pages\/32\/revisions"}],"predecessor-version":[{"id":3222,"href":"https:\/\/marstransport.az\/ru\/wp-json\/wp\/v2\/pages\/32\/revisions\/3222"}],"wp:attachment":[{"href":"https:\/\/marstransport.az\/ru\/wp-json\/wp\/v2\/media?parent=32"}],"curies":[{"name":"wp","href":"https:\/\/api.w.org\/{rel}","templated":true}]}}